{"id":785,"date":"2024-06-21T10:43:54","date_gmt":"2024-06-21T10:43:54","guid":{"rendered":"https:\/\/skambantierdve.lt\/?post_type=product&#038;p=785"},"modified":"2024-06-25T10:36:21","modified_gmt":"2024-06-25T10:36:21","slug":"su-meile-pagamintos-ranku-darbo-biciu-vasko-zvakes","status":"publish","type":"product","link":"https:\/\/skambantierdve.lt\/en\/product\/su-meile-pagamintos-ranku-darbo-biciu-vasko-zvakes\/","title":{"rendered":"Rank\u0173 darbo bi\u010di\u0173 va\u0161ko \u017evak\u0117s"},"content":{"rendered":"","protected":false},"excerpt":{"rendered":"<p>\u0160iuo metu \u017evakes galite \u012fsigyti tik atvykus \u012f studij\u0105. Maloniai kvie\u010diame apsilankyti\u00a0 ir i\u0161sirinkti jums labiausiai patinkan\u010di\u0105 \u017evak\u0119 i\u0161 plataus asortimento.<\/p>\n<p>Su meile pagamintos bi\u010di\u0173 va\u0161ko \u017evak\u0117s j\u016bs\u0173 asmeniniams ritualams, \u0161vent\u0117ms, moter\u0173 ratams.<\/p>\n<p>Kainos nuo 6 iki 12 eur\u0173.<\/p>","protected":false},"featured_media":788,"comment_status":"open","ping_status":"closed","template":"","meta":{"_acf_changed":false,"_kad_blocks_custom_css":"","_kad_blocks_head_custom_js":"","_kad_blocks_body_custom_js":"","_kad_blocks_footer_custom_js":""},"product_brand":[],"product_cat":[22],"product_tag":[],"giftcard-category":[],"class_list":{"0":"post-785","1":"product","2":"type-product","3":"status-publish","4":"has-post-thumbnail","6":"product_cat-kristalai","8":"first","9":"instock","10":"shipping-taxable","11":"product-type-external"},"acf":[],"taxonomy_info":{"product_cat":[{"value":22,"label":"Kristalai"}]},"featured_image_src_large":["https:\/\/skambantierdve.lt\/wp-content\/uploads\/2024\/06\/biciu-vasko-zvakes-moteru-ratams-1-662x1024.jpeg",662,1024,true],"author_info":[],"comment_info":0,"_links":{"self":[{"href":"https:\/\/skambantierdve.lt\/en\/wp-json\/wp\/v2\/product\/785","targetHints":{"allow":["GET"]}}],"collection":[{"href":"https:\/\/skambantierdve.lt\/en\/wp-json\/wp\/v2\/product"}],"about":[{"href":"https:\/\/skambantierdve.lt\/en\/wp-json\/wp\/v2\/types\/product"}],"replies":[{"embeddable":true,"href":"https:\/\/skambantierdve.lt\/en\/wp-json\/wp\/v2\/comments?post=785"}],"wp:featuredmedia":[{"embeddable":true,"href":"https:\/\/skambantierdve.lt\/en\/wp-json\/wp\/v2\/media\/788"}],"wp:attachment":[{"href":"https:\/\/skambantierdve.lt\/en\/wp-json\/wp\/v2\/media?parent=785"}],"wp:term":[{"taxonomy":"product_brand","embeddable":true,"href":"https:\/\/skambantierdve.lt\/en\/wp-json\/wp\/v2\/product_brand?post=785"},{"taxonomy":"product_cat","embeddable":true,"href":"https:\/\/skambantierdve.lt\/en\/wp-json\/wp\/v2\/product_cat?post=785"},{"taxonomy":"product_tag","embeddable":true,"href":"https:\/\/skambantierdve.lt\/en\/wp-json\/wp\/v2\/product_tag?post=785"},{"taxonomy":"giftcard-category","embeddable":true,"href":"https:\/\/skambantierdve.lt\/en\/wp-json\/wp\/v2\/giftcard-category?post=785"}],"curies":[{"name":"wp","href":"https:\/\/api.w.org\/{rel}","templated":true}]}}