{"id":780,"date":"2024-06-15T15:24:38","date_gmt":"2024-06-15T15:24:38","guid":{"rendered":"https:\/\/skambantierdve.lt\/?post_type=product&#038;p=780"},"modified":"2025-12-01T00:01:24","modified_gmt":"2025-12-01T00:01:24","slug":"korteles-terapiniai-pokalbiai-su-savimi","status":"publish","type":"product","link":"https:\/\/skambantierdve.lt\/en\/product\/korteles-terapiniai-pokalbiai-su-savimi\/","title":{"rendered":"Kortel\u0117s &#8222;Terapiniai pokalbiai su savimi&#8221;"},"content":{"rendered":"<p><strong>Kod\u0117l verta rinktis \u0161ias korteles?<\/strong><\/p>\n<p>Kortel\u0117s sukurtos kartu su psichoterapeute taip, kad\u00a0 pad\u0117t\u0173 tau susigaudyti savo mintyse.<\/p>\n<p>O nuostabios ukrainie\u010di\u0173 meninink\u0117s kurtos iliustracijos pad\u0117s labiau pa\u017einti savo vidin\u012f pasaul\u012f ir pamatyti jo gro\u017e\u012f.<\/p>\n<p><strong>Kaip naudotis kortel\u0117mis?<\/strong><\/p>\n<ul>\n<li>Pasiruo\u0161k u\u017era\u0161\u0173 knygel\u0119.<\/li>\n<li>Trauk kortel\u0119, tada prid\u0117toje informacin\u0117je knygel\u0117je, ie\u0161kok klausim\u0173.<\/li>\n<li>\u012e klausimus atsakyk ra\u0161tu, atkreipk d\u0117mes\u012f \u012f kylan\u010dius jausmus ir mintis.<\/li>\n<li>Temos nesibaigs, nes rekomenduojama prie tem\u0173 nuolat sugr\u012f\u017eti.<\/li>\n<\/ul>\n<p><strong>Rinkin\u012f sudaro:<\/strong><\/p>\n<ul>\n<li>40korteli\u0173 \u012fvairiomis temomis: meil\u0117, stresas, harmonija, ramyb\u0117, pokytis ir kt.<\/li>\n<li>600 klausim\u0173, kurie pad\u0117s suprasti save.<\/li>\n<li>knygel\u0117 su instrukcijomis.<\/li>\n<li>labai kokybi\u0161ka ir tvirta d\u0117\u017eut\u0117 su magnetu.<\/li>\n<\/ul>\n<p>&nbsp;<\/p>\n<p>&nbsp;<\/p>","protected":false},"excerpt":{"rendered":"<p style=\"text-align: left;\">Ne\u017einai ko nori, bet jauti poreik\u012f keistis? Nori suprasti savo jausmus ir mintis?<\/p>\n<p style=\"text-align: left;\">Labiau pa\u017einti save?<\/p>\n<p style=\"text-align: left;\"><strong>SKIRK LAIKO KASDIENIAM, ASMENINIAM AUGIMUI. <\/strong><\/p>\n<p style=\"text-align: left;\">Kiekvien\u0105 savait\u0119 kvie\u010diu tave i\u0161sitraukti po kortel\u0119,<\/p>\n<p style=\"text-align: left;\">surasti joje esant\u012f simbol\u012f ir atsakyti \u012f pateiktus klausimus ra\u0161tu.<\/p>\n<p style=\"text-align: left;\"><strong>Prad\u0117k sav\u0119s pa\u017einimo keli\u0105 jau dabar!<\/strong><\/p>\n<p style=\"text-align: left;\"><strong>Prek\u0119\u00a0 nemokamai atsiimti galite studijoje \u201eSkambanti erdv\u0117\u201c, Vilniuje.<\/strong><\/p>\n<p style=\"text-align: left;\">","protected":false},"featured_media":777,"comment_status":"open","ping_status":"closed","template":"","meta":{"_acf_changed":false,"_kad_blocks_custom_css":"","_kad_blocks_head_custom_js":"","_kad_blocks_body_custom_js":"","_kad_blocks_footer_custom_js":""},"product_brand":[],"product_cat":[16],"product_tag":[],"giftcard-category":[],"class_list":{"0":"post-780","1":"product","2":"type-product","3":"status-publish","4":"has-post-thumbnail","6":"product_cat-afirmaciju-korteles","8":"first","9":"instock","10":"shipping-taxable","11":"purchasable","12":"product-type-simple"},"acf":[],"taxonomy_info":{"product_cat":[{"value":16,"label":"Afirmacij\u0173 kortel\u0117s"}]},"featured_image_src_large":["https:\/\/skambantierdve.lt\/wp-content\/uploads\/2024\/06\/terapija-korteles-saviugda-820x1024.jpg",820,1024,true],"author_info":[],"comment_info":0,"_links":{"self":[{"href":"https:\/\/skambantierdve.lt\/en\/wp-json\/wp\/v2\/product\/780","targetHints":{"allow":["GET"]}}],"collection":[{"href":"https:\/\/skambantierdve.lt\/en\/wp-json\/wp\/v2\/product"}],"about":[{"href":"https:\/\/skambantierdve.lt\/en\/wp-json\/wp\/v2\/types\/product"}],"replies":[{"embeddable":true,"href":"https:\/\/skambantierdve.lt\/en\/wp-json\/wp\/v2\/comments?post=780"}],"wp:featuredmedia":[{"embeddable":true,"href":"https:\/\/skambantierdve.lt\/en\/wp-json\/wp\/v2\/media\/777"}],"wp:attachment":[{"href":"https:\/\/skambantierdve.lt\/en\/wp-json\/wp\/v2\/media?parent=780"}],"wp:term":[{"taxonomy":"product_brand","embeddable":true,"href":"https:\/\/skambantierdve.lt\/en\/wp-json\/wp\/v2\/product_brand?post=780"},{"taxonomy":"product_cat","embeddable":true,"href":"https:\/\/skambantierdve.lt\/en\/wp-json\/wp\/v2\/product_cat?post=780"},{"taxonomy":"product_tag","embeddable":true,"href":"https:\/\/skambantierdve.lt\/en\/wp-json\/wp\/v2\/product_tag?post=780"},{"taxonomy":"giftcard-category","embeddable":true,"href":"https:\/\/skambantierdve.lt\/en\/wp-json\/wp\/v2\/giftcard-category?post=780"}],"curies":[{"name":"wp","href":"https:\/\/api.w.org\/{rel}","templated":true}]}}