{"id":473,"date":"2024-05-04T22:13:39","date_gmt":"2024-05-04T22:13:39","guid":{"rendered":"https:\/\/skambantierdve.lt\/?post_type=product&#038;p=473"},"modified":"2026-04-13T08:09:24","modified_gmt":"2026-04-13T08:09:24","slug":"edukacinis-uzsiemimas-garso-pasaulis","status":"publish","type":"product","link":"https:\/\/skambantierdve.lt\/en\/product\/edukacinis-uzsiemimas-garso-pasaulis\/","title":{"rendered":"Edukacinis u\u017esi\u0117mimas \u201eGarso pasaulis\u201c"},"content":{"rendered":"<p>&nbsp;<\/p>\n<p>&nbsp;<\/p>","protected":false},"excerpt":{"rendered":"<p><strong>U\u017esi\u0117mimo trukm\u0117: 2h<\/strong><\/p>\n<p>U\u017esi\u0117mimas vedamas grup\u0117ms nuo 6 \u017emoni\u0173<\/p>\n<p>Susitikimo metu tur\u0117si galimyb\u0119 patirti ir i\u0161girsti daugel\u012f garso terapijoje naudojam\u0173 muzikini\u0173 instrument\u0173. Toki\u0173 kaip: Gongai, didysis \u0161amani\u0161kas Saul\u0117s b\u016bgnas (1,6m), Kri\u0161toliniai bei skambantys Tibeto dubenys, Vandenyno b\u016bgnas, \u0160rutis, v\u0117jo varpeliai ir begal\u0119 kit\u0173, galb\u016bt tau dar nematyt\u0173 studijoje esam\u0173 instrument\u0173. Visais jais gal\u0117si pagroti, patirti j\u0173 skleid\u017eiamas vibracijas ir jei panor\u0117si &#8211; kartu sukurti tikr\u0105 garso pasak\u0105.<\/p>\n<p>Kaina: 33EUR \u017emogui.<\/p>\n<p>&nbsp;<\/p>","protected":false},"featured_media":60,"comment_status":"open","ping_status":"closed","template":"","meta":{"_acf_changed":false,"_kad_blocks_custom_css":"","_kad_blocks_head_custom_js":"","_kad_blocks_body_custom_js":"","_kad_blocks_footer_custom_js":""},"product_brand":[],"product_cat":[21],"product_tag":[],"giftcard-category":[],"class_list":{"0":"post-473","1":"product","2":"type-product","3":"status-publish","4":"has-post-thumbnail","6":"product_cat-paslaugos","8":"first","9":"instock","10":"shipping-taxable","11":"purchasable","12":"product-type-simple"},"acf":[],"taxonomy_info":{"product_cat":[{"value":21,"label":"Paslaugos"}]},"featured_image_src_large":["https:\/\/skambantierdve.lt\/wp-content\/uploads\/2024\/04\/studija-skambanti-erdve-smaniskas-bugnas-terapiniai-instrumentai-1024x684.jpg",1024,684,true],"author_info":[],"comment_info":0,"_links":{"self":[{"href":"https:\/\/skambantierdve.lt\/en\/wp-json\/wp\/v2\/product\/473","targetHints":{"allow":["GET"]}}],"collection":[{"href":"https:\/\/skambantierdve.lt\/en\/wp-json\/wp\/v2\/product"}],"about":[{"href":"https:\/\/skambantierdve.lt\/en\/wp-json\/wp\/v2\/types\/product"}],"replies":[{"embeddable":true,"href":"https:\/\/skambantierdve.lt\/en\/wp-json\/wp\/v2\/comments?post=473"}],"wp:featuredmedia":[{"embeddable":true,"href":"https:\/\/skambantierdve.lt\/en\/wp-json\/wp\/v2\/media\/60"}],"wp:attachment":[{"href":"https:\/\/skambantierdve.lt\/en\/wp-json\/wp\/v2\/media?parent=473"}],"wp:term":[{"taxonomy":"product_brand","embeddable":true,"href":"https:\/\/skambantierdve.lt\/en\/wp-json\/wp\/v2\/product_brand?post=473"},{"taxonomy":"product_cat","embeddable":true,"href":"https:\/\/skambantierdve.lt\/en\/wp-json\/wp\/v2\/product_cat?post=473"},{"taxonomy":"product_tag","embeddable":true,"href":"https:\/\/skambantierdve.lt\/en\/wp-json\/wp\/v2\/product_tag?post=473"},{"taxonomy":"giftcard-category","embeddable":true,"href":"https:\/\/skambantierdve.lt\/en\/wp-json\/wp\/v2\/giftcard-category?post=473"}],"curies":[{"name":"wp","href":"https:\/\/api.w.org\/{rel}","templated":true}]}}