{"id":467,"date":"2024-05-04T22:10:41","date_gmt":"2024-05-04T22:10:41","guid":{"rendered":"https:\/\/skambantierdve.lt\/?post_type=product&#038;p=467"},"modified":"2024-06-18T18:26:13","modified_gmt":"2024-06-18T18:26:13","slug":"individuali-zmogaus-bioritmu-ir-gyvenimo-ciklu-analize","status":"publish","type":"product","link":"https:\/\/skambantierdve.lt\/en\/product\/individuali-zmogaus-bioritmu-ir-gyvenimo-ciklu-analize\/","title":{"rendered":"Individuali \u017emogaus bioritm\u0173 ir gyvenimo cikl\u0173 analiz\u0117"},"content":{"rendered":"<strong>Kaip vyksta analiz\u0117:<\/strong>\r\n\r\nJums reikia u\u017epildyti registracijos form\u0105 ir apmok\u0117ti paslaug\u0105. J\u016bs\u0173 bioritm\u0173 analiz\u0117 bus pateikta ra\u0161tu \u012f j\u016bs\u0173 nurodyt\u0105 elektronin\u012f pa\u0161t\u0105, kad visada kilus kokiems klausimams gal\u0117tum\u0117te per\u017evelgti informacij\u0105. Taip pat susitarsime d\u0117l gyvos konsultacijos studijoje, arba nuotoliniu b\u016bdu.\r\n<p class=\"kt-adv-heading98_5798dd-9b wp-block-kadence-advancedheading\" data-kb-block=\"kb-adv-heading98_5798dd-9b\"><strong>Susitikimo metu su\u017einosite:<\/strong><\/p>\r\n\r\n<div class=\"wp-block-kadence-iconlist kt-svg-icon-list-items kt-svg-icon-list-items98_2d40c9-91 kt-svg-icon-list-columns-1 alignnone\">\r\n<ul class=\"kt-svg-icon-list\">\r\n \t<li class=\"wp-block-kadence-listitem kt-svg-icon-list-item-wrap kt-svg-icon-list-item-98_f73488-5e\"><span class=\"kt-svg-icon-list-text\">Savo prigimtinius bioritmus,<\/span><\/li>\r\n \t<li class=\"wp-block-kadence-listitem kt-svg-icon-list-item-wrap kt-svg-icon-list-item-98_85ab5d-cb\"><span class=\"kt-svg-icon-list-text\">Vedan\u010diuosius meridianus,<\/span><\/li>\r\n \t<li class=\"wp-block-kadence-listitem kt-svg-icon-list-item-wrap kt-svg-icon-list-item-98_f380c2-ca\"><span class=\"kt-svg-icon-list-text\">Kokias sistemas jie apima,<\/span><\/li>\r\n \t<li class=\"wp-block-kadence-listitem kt-svg-icon-list-item-wrap kt-svg-icon-list-item-98_2c6e4b-92\"><span class=\"kt-svg-icon-list-text\">Jums artimas spalvas pagal j\u016bs\u0173 bioritmus,<\/span><\/li>\r\n \t<li class=\"wp-block-kadence-listitem kt-svg-icon-list-item-wrap kt-svg-icon-list-item-98_6dd863-c4\"><span class=\"kt-svg-icon-list-text\">Susipa\u017einsite su savo \u0161e\u0161iame\u010di\u0173 gyvenimo cikl\u0173 ratu,<\/span><\/li>\r\n \t<li class=\"wp-block-kadence-listitem kt-svg-icon-list-item-wrap kt-svg-icon-list-item-98_5967b7-20\"><span class=\"kt-svg-icon-list-text\">I\u0161moksite naudotis gyvenimo cikl\u0173 \u017eem\u0117lapiu,<\/span><\/li>\r\n \t<li class=\"wp-block-kadence-listitem kt-svg-icon-list-item-wrap kt-svg-icon-list-item-98_19f0f6-17\"><span class=\"kt-svg-icon-list-text\">Su\u017einosite kaip \u0161ios \u017einios gali pasitarnauti kasdieniame gyvenime, pad\u0117ti labiau gird\u0117ti ir jausti savo k\u016bn\u0105, pa\u017einti savo prigimtines sistemas, suprasti gyvenimo \u012fvykius.<\/span><\/li>\r\n<\/ul>\r\n<\/div>\r\n<!-- \/wp:post-content -->","protected":false},"excerpt":{"rendered":"<p>Bioritmas -tai psichikos ir emocijos b\u016bsenos, fiziologinis r\u0117\u017eimas, elgesys ir \u012fvykiai \u017emogaus gyvenime. Teigiama, kad \u017emogaus gyvenimas yra susij\u0119s su tam tikrais ciklais, arba ritmais. \u017dmogaus fizin\u0117, emocin\u0117 ir intelektualin\u0117 b\u016bsena juda ciklais, kurie siejami su gimimo data. Tod\u0117l \u017einant \u017emogaus gimimo dat\u0105 galima daug k\u0105 pasakyti apie pat\u012f \u017emog\u0173, jo sveikat\u0105, energetik\u0105, charakterio bruo\u017eus, asmenines savybes ir daug kitos naudingos informacijos. Taip pat galima nubrai\u017eyti asmenin\u012f gyvenimo cikl\u0173 \u017eem\u0117lap\u012f, kuris taps lyg kompasu pad\u0117sian\u010diu susivokti kas tam tikru gyvenimo periodu vyksta \u017emogaus viduje ir i\u0161or\u0117je.<\/p>","protected":false},"featured_media":58,"comment_status":"open","ping_status":"closed","template":"","meta":{"_acf_changed":false,"_kad_blocks_custom_css":"","_kad_blocks_head_custom_js":"","_kad_blocks_body_custom_js":"","_kad_blocks_footer_custom_js":""},"product_brand":[],"product_cat":[21],"product_tag":[],"giftcard-category":[],"class_list":{"0":"post-467","1":"product","2":"type-product","3":"status-publish","4":"has-post-thumbnail","6":"product_cat-paslaugos","7":"wcpa_has_options","9":"first","10":"instock","11":"shipping-taxable","12":"purchasable","13":"product-type-variable"},"acf":[],"taxonomy_info":{"product_cat":[{"value":21,"label":"Paslaugos"}]},"featured_image_src_large":["https:\/\/skambantierdve.lt\/wp-content\/uploads\/2024\/04\/Garsas-miske-gamta-zmogaus-bioritmai-1024x684.jpg",1024,684,true],"author_info":[],"comment_info":0,"_links":{"self":[{"href":"https:\/\/skambantierdve.lt\/en\/wp-json\/wp\/v2\/product\/467","targetHints":{"allow":["GET"]}}],"collection":[{"href":"https:\/\/skambantierdve.lt\/en\/wp-json\/wp\/v2\/product"}],"about":[{"href":"https:\/\/skambantierdve.lt\/en\/wp-json\/wp\/v2\/types\/product"}],"replies":[{"embeddable":true,"href":"https:\/\/skambantierdve.lt\/en\/wp-json\/wp\/v2\/comments?post=467"}],"wp:featuredmedia":[{"embeddable":true,"href":"https:\/\/skambantierdve.lt\/en\/wp-json\/wp\/v2\/media\/58"}],"wp:attachment":[{"href":"https:\/\/skambantierdve.lt\/en\/wp-json\/wp\/v2\/media?parent=467"}],"wp:term":[{"taxonomy":"product_brand","embeddable":true,"href":"https:\/\/skambantierdve.lt\/en\/wp-json\/wp\/v2\/product_brand?post=467"},{"taxonomy":"product_cat","embeddable":true,"href":"https:\/\/skambantierdve.lt\/en\/wp-json\/wp\/v2\/product_cat?post=467"},{"taxonomy":"product_tag","embeddable":true,"href":"https:\/\/skambantierdve.lt\/en\/wp-json\/wp\/v2\/product_tag?post=467"},{"taxonomy":"giftcard-category","embeddable":true,"href":"https:\/\/skambantierdve.lt\/en\/wp-json\/wp\/v2\/giftcard-category?post=467"}],"curies":[{"name":"wp","href":"https:\/\/api.w.org\/{rel}","templated":true}]}}