{"id":463,"date":"2024-05-04T22:07:20","date_gmt":"2024-05-04T22:07:20","guid":{"rendered":"https:\/\/skambantierdve.lt\/?post_type=product&#038;p=463"},"modified":"2026-04-13T08:35:37","modified_gmt":"2026-04-13T08:35:37","slug":"harmonizuojanti-garso-meditacija-su-kristalais","status":"publish","type":"product","link":"https:\/\/skambantierdve.lt\/en\/product\/harmonizuojanti-garso-meditacija-su-kristalais\/","title":{"rendered":"Harmonizuojanti garso meditacija su kristalais"},"content":{"rendered":"","protected":false},"excerpt":{"rendered":"<p><strong>Seanso trukm\u0117: 1h<\/strong><\/p>\n<p>Sesijos metu pakviesiu tave patogiai atsigulti ant \u010diu\u017einuko ir tiesiog atsipalaiduoti. Parinksiu tau tinkamus kristalus, atsi\u017evelgdama \u012f tavo poreikius. Kristalai gali b\u016bti dedami ant k\u016bno arba aplink j\u012f, siekiant leisti j\u0173 energijai veikti tavo energetin\u012f lauk\u0105.<br \/>\nKristal\u0173 terapijos seans\u0105 papildys skaidr\u016bs ir \u0161vies\u016bs kri\u0161tolini\u0173 duben\u0173 garsai, \u0161velnus ko\u0161i varpeli\u0173 skambesys, bei gilus ir atpalaiduojantis skamban\u010di\u0173 Tibeto duben\u0173 garsas.<\/p>\n<p>&nbsp;<\/p>","protected":false},"featured_media":59,"comment_status":"open","ping_status":"closed","template":"","meta":{"_acf_changed":false,"_kad_blocks_custom_css":"","_kad_blocks_head_custom_js":"","_kad_blocks_body_custom_js":"","_kad_blocks_footer_custom_js":""},"product_brand":[],"product_cat":[21],"product_tag":[],"giftcard-category":[],"class_list":{"0":"post-463","1":"product","2":"type-product","3":"status-publish","4":"has-post-thumbnail","6":"product_cat-paslaugos","8":"first","9":"instock","10":"shipping-taxable","11":"purchasable","12":"product-type-variable"},"acf":[],"taxonomy_info":{"product_cat":[{"value":21,"label":"Paslaugos"}]},"featured_image_src_large":["https:\/\/skambantierdve.lt\/wp-content\/uploads\/2024\/04\/kristalai-terapija-gongas-gydantys-akmenys-1024x683.jpg",1024,683,true],"author_info":[],"comment_info":0,"_links":{"self":[{"href":"https:\/\/skambantierdve.lt\/en\/wp-json\/wp\/v2\/product\/463","targetHints":{"allow":["GET"]}}],"collection":[{"href":"https:\/\/skambantierdve.lt\/en\/wp-json\/wp\/v2\/product"}],"about":[{"href":"https:\/\/skambantierdve.lt\/en\/wp-json\/wp\/v2\/types\/product"}],"replies":[{"embeddable":true,"href":"https:\/\/skambantierdve.lt\/en\/wp-json\/wp\/v2\/comments?post=463"}],"wp:featuredmedia":[{"embeddable":true,"href":"https:\/\/skambantierdve.lt\/en\/wp-json\/wp\/v2\/media\/59"}],"wp:attachment":[{"href":"https:\/\/skambantierdve.lt\/en\/wp-json\/wp\/v2\/media?parent=463"}],"wp:term":[{"taxonomy":"product_brand","embeddable":true,"href":"https:\/\/skambantierdve.lt\/en\/wp-json\/wp\/v2\/product_brand?post=463"},{"taxonomy":"product_cat","embeddable":true,"href":"https:\/\/skambantierdve.lt\/en\/wp-json\/wp\/v2\/product_cat?post=463"},{"taxonomy":"product_tag","embeddable":true,"href":"https:\/\/skambantierdve.lt\/en\/wp-json\/wp\/v2\/product_tag?post=463"},{"taxonomy":"giftcard-category","embeddable":true,"href":"https:\/\/skambantierdve.lt\/en\/wp-json\/wp\/v2\/giftcard-category?post=463"}],"curies":[{"name":"wp","href":"https:\/\/api.w.org\/{rel}","templated":true}]}}