{"id":457,"date":"2024-05-04T22:04:01","date_gmt":"2024-05-04T22:04:01","guid":{"rendered":"https:\/\/skambantierdve.lt\/?post_type=product&#038;p=457"},"modified":"2026-04-13T08:25:23","modified_gmt":"2026-04-13T08:25:23","slug":"mistinio-garso-keliones","status":"publish","type":"product","link":"https:\/\/skambantierdve.lt\/en\/product\/mistinio-garso-keliones\/","title":{"rendered":"\u201eMistinio garso kelion\u0117s\u201c"},"content":{"rendered":"<p><strong>Sesijos metu tave lyd\u0117s:<\/strong><br \/>\nGong\u0173 virpesiai, did\u017eiojo \u201eSaul\u0117s\u201c b\u016bgno ritmai, \u0161viesus ir skaidrus kri\u0161tolini\u0173 duben\u0173 garsas, skambantys Tibeto dubenys, harmonizuojantis monolinos skambesys, vandenyno b\u016bgno o\u0161imas, mano \u0161irdies daina ir daug meil\u0117s bei r\u016bpes\u010dio tavimi.<br \/>\n<strong>Po garso kelion\u0117s tav\u0119s laukia:<\/strong><br \/>\n\u0160iltas ir nuo\u0161irdus pokalbis, skanios arbatos puodelis bei atsakymai \u012f kelion\u0117s metu i\u0161kilusius klausimus.<\/p>\n<p>&nbsp;<\/p>","protected":false},"excerpt":{"rendered":"<p><strong>Renginio trukm\u0117: 1h 30min.<\/strong><\/p>\n<p>Studijoje u\u017esi\u0117mimai vyksta grup\u0117ms, poroms, arba individualiai.<\/p>\n<p>Kvie\u010diu tave patirti ypating\u0105 gydan\u010dio garso kelion\u0119. Garso terapijoje naudojam\u0173 muzikini\u0173 istrument\u0173 skleid\u017eiami garsai panardina \u012f gilaus atsipalaidavimo b\u016bsen\u0105, kurios metu poky\u010diai vyksta \u017emogaus l\u0105stel\u0117s lygmenyje, tod\u0117l po sesijos mintys tampa \u0161viesesn\u0117s, pager\u0117ja nuotaika, atsiranda daugiau energijos, \u017emogus jau\u010diasi gerai pails\u0117j\u0119s.<\/p>\n<p>Individualus u\u017esi\u0117mimas \u017emogui 66Eur., porai 77Eur. \/ grup\u0117ms nuo 6 \u017emoni\u0173 kaina \u017emogui 33Eur.<\/p>","protected":false},"featured_media":57,"comment_status":"open","ping_status":"closed","template":"","meta":{"_acf_changed":false,"_kad_blocks_custom_css":"","_kad_blocks_head_custom_js":"","_kad_blocks_body_custom_js":"","_kad_blocks_footer_custom_js":""},"product_brand":[],"product_cat":[21],"product_tag":[],"giftcard-category":[],"class_list":{"0":"post-457","1":"product","2":"type-product","3":"status-publish","4":"has-post-thumbnail","6":"product_cat-paslaugos","8":"first","9":"instock","10":"shipping-taxable","11":"purchasable","12":"product-type-variable"},"acf":[],"taxonomy_info":{"product_cat":[{"value":21,"label":"Paslaugos"}]},"featured_image_src_large":["https:\/\/skambantierdve.lt\/wp-content\/uploads\/2024\/04\/bugnai-ritmas-proteviai-isizeminimas-1024x684.jpg",1024,684,true],"author_info":[],"comment_info":0,"_links":{"self":[{"href":"https:\/\/skambantierdve.lt\/en\/wp-json\/wp\/v2\/product\/457","targetHints":{"allow":["GET"]}}],"collection":[{"href":"https:\/\/skambantierdve.lt\/en\/wp-json\/wp\/v2\/product"}],"about":[{"href":"https:\/\/skambantierdve.lt\/en\/wp-json\/wp\/v2\/types\/product"}],"replies":[{"embeddable":true,"href":"https:\/\/skambantierdve.lt\/en\/wp-json\/wp\/v2\/comments?post=457"}],"wp:featuredmedia":[{"embeddable":true,"href":"https:\/\/skambantierdve.lt\/en\/wp-json\/wp\/v2\/media\/57"}],"wp:attachment":[{"href":"https:\/\/skambantierdve.lt\/en\/wp-json\/wp\/v2\/media?parent=457"}],"wp:term":[{"taxonomy":"product_brand","embeddable":true,"href":"https:\/\/skambantierdve.lt\/en\/wp-json\/wp\/v2\/product_brand?post=457"},{"taxonomy":"product_cat","embeddable":true,"href":"https:\/\/skambantierdve.lt\/en\/wp-json\/wp\/v2\/product_cat?post=457"},{"taxonomy":"product_tag","embeddable":true,"href":"https:\/\/skambantierdve.lt\/en\/wp-json\/wp\/v2\/product_tag?post=457"},{"taxonomy":"giftcard-category","embeddable":true,"href":"https:\/\/skambantierdve.lt\/en\/wp-json\/wp\/v2\/giftcard-category?post=457"}],"curies":[{"name":"wp","href":"https:\/\/api.w.org\/{rel}","templated":true}]}}