{"id":387,"date":"2024-05-04T14:32:55","date_gmt":"2024-05-04T14:32:55","guid":{"rendered":"https:\/\/skambantierdve.lt\/?post_type=product&#038;p=387"},"modified":"2026-04-13T08:14:07","modified_gmt":"2026-04-13T08:14:07","slug":"masazas","status":"publish","type":"product","link":"https:\/\/skambantierdve.lt\/en\/product\/masazas\/","title":{"rendered":"Holistinis garso masa\u017eas skamban\u010diais Tibeto dubenimis"},"content":{"rendered":"<p class=\"kt-adv-heading97_96683b-29 wp-block-kadence-advancedheading has-palette-color-9-color has-text-color\" data-kb-block=\"kb-adv-heading97_96683b-29\"><strong>Garso masa\u017eo poveikis \u017emogaus k\u016bnui:<\/strong><\/p>\n<div class=\"wp-block-kadence-iconlist kt-svg-icon-list-items kt-svg-icon-list-items97_eb5c5f-06 kt-svg-icon-list-columns-1 alignnone kt-list-icon-aligntop\">\n<ul class=\"kt-svg-icon-list\">\n<li class=\"wp-block-kadence-listitem kt-svg-icon-list-item-wrap kt-svg-icon-list-item-97_15ed45-80\"><span class=\"kt-svg-icon-list-text\">Relaksacija ir streso ma\u017einimas: Skambant Tibeto dubenims sukuriamos garsin\u0117s bangos ir vibracijos gali pad\u0117ti atpalaiduoti \u012ftamp\u0105 k\u016bne ir suma\u017einti stres\u0105 bei nerim\u0105. Tai suteikia gil\u0173 relaksacijos jausm\u0105.<\/span><\/li>\n<li class=\"wp-block-kadence-listitem kt-svg-icon-list-item-wrap kt-svg-icon-list-item-97_87086b-57\"><span class=\"kt-svg-icon-list-text\">Energijos balansavimas: Tibeto duben\u0173 garsai ir vibracijos, kurias jie sukuria, teigiamai veikia energijos srautus arba \u201echi\u201d k\u016bne (kaip tai \u017einoma tradicin\u0117je kin\u0173 medicinoje). Tai padeda atkurti energijos pusiausvyr\u0105 ir skatina gerov\u0119.<\/span><\/li>\n<li class=\"wp-block-kadence-listitem kt-svg-icon-list-item-wrap kt-svg-icon-list-item-97_bed364-ac\"><span class=\"kt-svg-icon-list-text\">Skatinamas kraujotakos ir limfos srautas: Vibruojantys dubenys gali pad\u0117ti skatinti kraujotak\u0105 ir limfos tek\u0117jim\u0105 organizme. Tai gali pagerinti audini\u0173 mityb\u0105 ir atliek\u0173 i\u0161skyrim\u0105, palengvindami organizmo detoksikacij\u0105.<\/span><\/li>\n<li class=\"wp-block-kadence-listitem kt-svg-icon-list-item-wrap kt-svg-icon-list-item-97_f0868a-41\"><span class=\"kt-svg-icon-list-text\">Skausmo ma\u017einimas: Vibruojan\u010dios bangos ir garsai gali tur\u0117ti analgezin\u012f poveik\u012f, suma\u017eindami \u012ftamp\u0105 raumenyse ir s\u0105nariuose bei ma\u017eindami skausm\u0105.<\/span><\/li>\n<li class=\"wp-block-kadence-listitem kt-svg-icon-list-item-wrap kt-svg-icon-list-item-97_27afd9-30\"><span class=\"kt-svg-icon-list-text\">Psichologinis poveikis: Skambant Tibeto dubenims sukuriamas garsas da\u017enai sukelia ramyb\u0117s ir pasitenkinimo jausm\u0105. Tai gali pad\u0117ti suma\u017einti miego sutrikimus, gerinti nuotaik\u0105 ir skatinti emocin\u0119 gerov\u0119.<\/span><\/li>\n<li class=\"wp-block-kadence-listitem kt-svg-icon-list-item-wrap kt-svg-icon-list-item-97_d22b71-07\"><span class=\"kt-svg-icon-list-text\">S\u0105moningumo ir meditacijos skatinimas: Vibruojantys dubenys gali b\u016bti naudojami meditacijos metu siekiant giliau \u012fsiklausyti \u012f save ir sustiprinti s\u0105moningum\u0105 bei dvasin\u012f susikaupim\u0105.<\/span><\/li>\n<li class=\"wp-block-kadence-listitem kt-svg-icon-list-item-wrap kt-svg-icon-list-item-97_ecf65b-9e\"><span class=\"kt-svg-icon-list-text\">Reik\u0117t\u0173 pa\u017eym\u0117ti, kad kiekvienas \u017emogus gali reaguoti \u012f Tibeto duben\u0173 masa\u017e\u0105 skirtingai, ir tai gali b\u016bti labai individualu. Tai da\u017enai laikoma papildomu gydymo metodu, skirtu pagerinti bendr\u0105 gerov\u0119 ir skatinti k\u016bno ir sielos balans\u0105.\u00a0<strong>Toks masa\u017eas netinka \u017emon\u0117ms turintiems kardio stimuliatori\u0173.<\/strong><\/span><\/li>\n<\/ul>\n<\/div>","protected":false},"excerpt":{"rendered":"<p>Garso masa\u017eas skamban\u010diais Tibeto dubenimis- tai individualus u\u017esi\u0117mimas.<br \/>\nU\u017esi\u0117mimo trukm\u0117: 1h 45 min.<\/p>\n<p>B\u016btina i\u0161ankstin\u0117 registracija!<\/p>","protected":false},"featured_media":61,"comment_status":"open","ping_status":"closed","template":"","meta":{"_acf_changed":false,"_kad_blocks_custom_css":"","_kad_blocks_head_custom_js":"","_kad_blocks_body_custom_js":"","_kad_blocks_footer_custom_js":""},"product_brand":[],"product_cat":[21],"product_tag":[],"giftcard-category":[],"class_list":{"0":"post-387","1":"product","2":"type-product","3":"status-publish","4":"has-post-thumbnail","6":"product_cat-paslaugos","8":"first","9":"instock","10":"shipping-taxable","11":"purchasable","12":"product-type-variable"},"acf":[],"taxonomy_info":{"product_cat":[{"value":21,"label":"Paslaugos"}]},"featured_image_src_large":["https:\/\/skambantierdve.lt\/wp-content\/uploads\/2024\/04\/tibeto-dubenys-muzikiniai-instrumentai-1024x684.jpg",1024,684,true],"author_info":[],"comment_info":2,"_links":{"self":[{"href":"https:\/\/skambantierdve.lt\/en\/wp-json\/wp\/v2\/product\/387","targetHints":{"allow":["GET"]}}],"collection":[{"href":"https:\/\/skambantierdve.lt\/en\/wp-json\/wp\/v2\/product"}],"about":[{"href":"https:\/\/skambantierdve.lt\/en\/wp-json\/wp\/v2\/types\/product"}],"replies":[{"embeddable":true,"href":"https:\/\/skambantierdve.lt\/en\/wp-json\/wp\/v2\/comments?post=387"}],"wp:featuredmedia":[{"embeddable":true,"href":"https:\/\/skambantierdve.lt\/en\/wp-json\/wp\/v2\/media\/61"}],"wp:attachment":[{"href":"https:\/\/skambantierdve.lt\/en\/wp-json\/wp\/v2\/media?parent=387"}],"wp:term":[{"taxonomy":"product_brand","embeddable":true,"href":"https:\/\/skambantierdve.lt\/en\/wp-json\/wp\/v2\/product_brand?post=387"},{"taxonomy":"product_cat","embeddable":true,"href":"https:\/\/skambantierdve.lt\/en\/wp-json\/wp\/v2\/product_cat?post=387"},{"taxonomy":"product_tag","embeddable":true,"href":"https:\/\/skambantierdve.lt\/en\/wp-json\/wp\/v2\/product_tag?post=387"},{"taxonomy":"giftcard-category","embeddable":true,"href":"https:\/\/skambantierdve.lt\/en\/wp-json\/wp\/v2\/giftcard-category?post=387"}],"curies":[{"name":"wp","href":"https:\/\/api.w.org\/{rel}","templated":true}]}}