{"id":381,"date":"2024-05-04T13:49:51","date_gmt":"2024-05-04T13:49:51","guid":{"rendered":"https:\/\/skambantierdve.lt\/?post_type=product&#038;p=381"},"modified":"2024-06-15T19:57:59","modified_gmt":"2024-06-15T19:57:59","slug":"kristalai","status":"publish","type":"product","link":"https:\/\/skambantierdve.lt\/en\/product\/kristalai\/","title":{"rendered":"Kristalai"},"content":{"rendered":"","protected":false},"excerpt":{"rendered":"<p>Kvie\u010diame atvykti \u012f studij\u0105 i\u0161sirinkti savo \u0161ird\u017eiai artim\u0105 kristal\u0105, apyrank\u0119, mal\u0105 ar kit\u0105 papuo\u0161al\u0105, kuris jus d\u017eiugins ir suteiks energijos. Susisiekite su mumis ir paderinsime susitikimo laik\u0105.<\/p>","protected":false},"featured_media":602,"comment_status":"open","ping_status":"closed","template":"","meta":{"_acf_changed":false,"_kad_blocks_custom_css":"","_kad_blocks_head_custom_js":"","_kad_blocks_body_custom_js":"","_kad_blocks_footer_custom_js":""},"product_brand":[],"product_cat":[22],"product_tag":[],"giftcard-category":[],"class_list":{"0":"post-381","1":"product","2":"type-product","3":"status-publish","4":"has-post-thumbnail","6":"product_cat-kristalai","8":"first","9":"instock","10":"shipping-taxable","11":"product-type-external"},"acf":[],"taxonomy_info":{"product_cat":[{"value":22,"label":"Kristalai"}]},"featured_image_src_large":["https:\/\/skambantierdve.lt\/wp-content\/uploads\/2024\/05\/kalnu-kristolas-kristalu-terapija-1.jpg",853,853,false],"author_info":[],"comment_info":0,"_links":{"self":[{"href":"https:\/\/skambantierdve.lt\/en\/wp-json\/wp\/v2\/product\/381","targetHints":{"allow":["GET"]}}],"collection":[{"href":"https:\/\/skambantierdve.lt\/en\/wp-json\/wp\/v2\/product"}],"about":[{"href":"https:\/\/skambantierdve.lt\/en\/wp-json\/wp\/v2\/types\/product"}],"replies":[{"embeddable":true,"href":"https:\/\/skambantierdve.lt\/en\/wp-json\/wp\/v2\/comments?post=381"}],"wp:featuredmedia":[{"embeddable":true,"href":"https:\/\/skambantierdve.lt\/en\/wp-json\/wp\/v2\/media\/602"}],"wp:attachment":[{"href":"https:\/\/skambantierdve.lt\/en\/wp-json\/wp\/v2\/media?parent=381"}],"wp:term":[{"taxonomy":"product_brand","embeddable":true,"href":"https:\/\/skambantierdve.lt\/en\/wp-json\/wp\/v2\/product_brand?post=381"},{"taxonomy":"product_cat","embeddable":true,"href":"https:\/\/skambantierdve.lt\/en\/wp-json\/wp\/v2\/product_cat?post=381"},{"taxonomy":"product_tag","embeddable":true,"href":"https:\/\/skambantierdve.lt\/en\/wp-json\/wp\/v2\/product_tag?post=381"},{"taxonomy":"giftcard-category","embeddable":true,"href":"https:\/\/skambantierdve.lt\/en\/wp-json\/wp\/v2\/giftcard-category?post=381"}],"curies":[{"name":"wp","href":"https:\/\/api.w.org\/{rel}","templated":true}]}}