{"id":231,"date":"2024-05-03T15:04:03","date_gmt":"2024-05-03T15:04:03","guid":{"rendered":"https:\/\/skambantierdve.lt\/?post_type=product&#038;p=231"},"modified":"2026-04-13T08:19:21","modified_gmt":"2026-04-13T08:19:21","slug":"dovanu-kuponas","status":"publish","type":"product","link":"https:\/\/skambantierdve.lt\/en\/product\/dovanu-kuponas\/","title":{"rendered":"Dovan\u0173 kuponas"},"content":{"rendered":"","protected":false},"excerpt":{"rendered":"<p>Dovan\u0173 kuponas galioja 6 m\u0117n.<\/p>\n<p>Galime dovan\u0173 kupon\u0105 i\u0161si\u0173sti tiesiai jo gav\u0117jui, jeigu to pageidaujate, pra\u0161ome \u012fra\u0161yti gav\u0117jo pa\u0161to adres\u0105 \u017eemiau.<\/p>","protected":false},"featured_media":237,"comment_status":"open","ping_status":"closed","template":"","meta":{"_acf_changed":false,"_kad_blocks_custom_css":"","_kad_blocks_head_custom_js":"","_kad_blocks_body_custom_js":"","_kad_blocks_footer_custom_js":""},"product_brand":[],"product_cat":[16,24,23,22,21],"product_tag":[],"giftcard-category":[],"class_list":{"0":"post-231","1":"product","2":"type-product","3":"status-publish","4":"has-post-thumbnail","6":"product_cat-afirmaciju-korteles","7":"product_cat-dovanu-kuponas","8":"product_cat-instrumentai","9":"product_cat-kristalai","10":"product_cat-paslaugos","12":"first","13":"instock","14":"shipping-taxable","15":"purchasable","16":"product-type-pw-gift-card"},"acf":[],"taxonomy_info":{"product_cat":[{"value":16,"label":"Afirmacij\u0173 kortel\u0117s"},{"value":24,"label":"Dovan\u0173 kuponas"},{"value":23,"label":"Instrumentai"},{"value":22,"label":"Kristalai"},{"value":21,"label":"Paslaugos"}]},"featured_image_src_large":["https:\/\/skambantierdve.lt\/wp-content\/uploads\/2024\/05\/kuponas.png",800,800,false],"author_info":[],"comment_info":0,"_links":{"self":[{"href":"https:\/\/skambantierdve.lt\/en\/wp-json\/wp\/v2\/product\/231","targetHints":{"allow":["GET"]}}],"collection":[{"href":"https:\/\/skambantierdve.lt\/en\/wp-json\/wp\/v2\/product"}],"about":[{"href":"https:\/\/skambantierdve.lt\/en\/wp-json\/wp\/v2\/types\/product"}],"replies":[{"embeddable":true,"href":"https:\/\/skambantierdve.lt\/en\/wp-json\/wp\/v2\/comments?post=231"}],"wp:featuredmedia":[{"embeddable":true,"href":"https:\/\/skambantierdve.lt\/en\/wp-json\/wp\/v2\/media\/237"}],"wp:attachment":[{"href":"https:\/\/skambantierdve.lt\/en\/wp-json\/wp\/v2\/media?parent=231"}],"wp:term":[{"taxonomy":"product_brand","embeddable":true,"href":"https:\/\/skambantierdve.lt\/en\/wp-json\/wp\/v2\/product_brand?post=231"},{"taxonomy":"product_cat","embeddable":true,"href":"https:\/\/skambantierdve.lt\/en\/wp-json\/wp\/v2\/product_cat?post=231"},{"taxonomy":"product_tag","embeddable":true,"href":"https:\/\/skambantierdve.lt\/en\/wp-json\/wp\/v2\/product_tag?post=231"},{"taxonomy":"giftcard-category","embeddable":true,"href":"https:\/\/skambantierdve.lt\/en\/wp-json\/wp\/v2\/giftcard-category?post=231"}],"curies":[{"name":"wp","href":"https:\/\/api.w.org\/{rel}","templated":true}]}}