{"id":204,"date":"2024-05-03T14:08:13","date_gmt":"2024-05-03T14:08:13","guid":{"rendered":"https:\/\/skambantierdve.lt\/?post_type=product&#038;p=204"},"modified":"2024-05-05T20:14:08","modified_gmt":"2024-05-05T20:14:08","slug":"sviesos-korteles-mamoms","status":"publish","type":"product","link":"https:\/\/skambantierdve.lt\/en\/product\/sviesos-korteles-mamoms\/","title":{"rendered":"\u0160viesos kortel\u0117s mamoms"},"content":{"rendered":"<p><strong>Kod\u0117l rinktis m\u016bs\u0173 \u0161viesos korteles mamoms?<\/strong><\/p>\n<ul>\n<li><strong>Jausmingi \u017dod\u017eiai:<\/strong> Kiekvien\u0105 kart\u0105, atverdama kortel\u0119, mama patirs jausming\u0105 d\u0117kingumo ir motyvacijos bang\u0105.<\/li>\n<li><strong>Kasdieninis Palaikymas:<\/strong> \u0160ios kortel\u0117s yra puikus b\u016bdas priminti, kad ji yra svarbi ir vertinga.<\/li>\n<li><strong>Geriausia Dovana Mamai:<\/strong> I\u0161reik\u0161kite savo meil\u0119 ir d\u0117kingum\u0105 ypatingu b\u016bdu.<\/li>\n<\/ul>\n<p>Dovanokite \u0161ilum\u0105 ir d\u017eiaugsm\u0105 savo mamai su \u0161viesos kortel\u0117mis!<\/p>\n<p><strong>Rinkin\u012f sudaro:<\/strong><\/p>\n<ul>\n<li>54 kortel\u0117s su \u0161iltais ir palaikan\u010diais bei \u012fkvepian\u010diais tekstais.<\/li>\n<li>Korteli\u0173 apra\u0161as<\/li>\n<li>D\u0117\u017eut\u0117<\/li>\n<\/ul>\n<p>&nbsp;<\/p>\n<p><strong>Kaina: 25Eur.<\/strong><\/p>\n<p>Prek\u0119 atsiimti nemokamai galite studijoje \u201eSkambanti erdv\u0117\u201c, Vilniuje.<\/p>\n<p><strong>U\u017esisakykite dabar ir pad\u0117kokite mamai u\u017e visk\u0105, k\u0105 ji daro!<\/strong><\/p>","protected":false},"excerpt":{"rendered":"<p><strong>Kasdienin\u0117 palaikymo Doz\u0117<\/strong><\/p>\n<p>Ar norite parodyti savo meil\u0119 ir palaikym\u0105 visoms mamoms? \u0160viesos kortel\u0117s mamoms su palaikan\u010diais tekstais yra kaip \u0161ilta apkabinimo doz\u0117, kuri suteikia kasdienin\u0119 d\u0117kingumo ir motyvacijos porcij\u0105.<\/p>\n<p>Kiekvien\u0105 kortel\u0119 puo\u0161ia \u0161velnius ir jausmingus \u017eod\u017eius atspindintis pie\u0161inys, kuris skleid\u017eia \u0161ilum\u0105 ir meil\u0119. Tai puiki dovana mamai, leid\u017eianti jai jaustis ypatingai ir vertinamai kiekvien\u0105 dien\u0105, arba sau jei nori \u012fsikv\u0117pti ir palaikyti save nelengvame motinyst\u0117s kelyje.<\/p>","protected":false},"featured_media":205,"comment_status":"open","ping_status":"closed","template":"","meta":{"_acf_changed":false,"_kad_blocks_custom_css":"","_kad_blocks_head_custom_js":"","_kad_blocks_body_custom_js":"","_kad_blocks_footer_custom_js":""},"product_brand":[],"product_cat":[16],"product_tag":[],"giftcard-category":[],"class_list":{"0":"post-204","1":"product","2":"type-product","3":"status-publish","4":"has-post-thumbnail","6":"product_cat-afirmaciju-korteles","8":"first","9":"instock","10":"shipping-taxable","11":"purchasable","12":"product-type-simple"},"acf":[],"taxonomy_info":{"product_cat":[{"value":16,"label":"Afirmacij\u0173 kortel\u0117s"}]},"featured_image_src_large":["https:\/\/skambantierdve.lt\/wp-content\/uploads\/2024\/05\/mama-sviesa-kudikis-gera-emocija.jpg",1024,1024,false],"author_info":[],"comment_info":0,"_links":{"self":[{"href":"https:\/\/skambantierdve.lt\/en\/wp-json\/wp\/v2\/product\/204","targetHints":{"allow":["GET"]}}],"collection":[{"href":"https:\/\/skambantierdve.lt\/en\/wp-json\/wp\/v2\/product"}],"about":[{"href":"https:\/\/skambantierdve.lt\/en\/wp-json\/wp\/v2\/types\/product"}],"replies":[{"embeddable":true,"href":"https:\/\/skambantierdve.lt\/en\/wp-json\/wp\/v2\/comments?post=204"}],"wp:featuredmedia":[{"embeddable":true,"href":"https:\/\/skambantierdve.lt\/en\/wp-json\/wp\/v2\/media\/205"}],"wp:attachment":[{"href":"https:\/\/skambantierdve.lt\/en\/wp-json\/wp\/v2\/media?parent=204"}],"wp:term":[{"taxonomy":"product_brand","embeddable":true,"href":"https:\/\/skambantierdve.lt\/en\/wp-json\/wp\/v2\/product_brand?post=204"},{"taxonomy":"product_cat","embeddable":true,"href":"https:\/\/skambantierdve.lt\/en\/wp-json\/wp\/v2\/product_cat?post=204"},{"taxonomy":"product_tag","embeddable":true,"href":"https:\/\/skambantierdve.lt\/en\/wp-json\/wp\/v2\/product_tag?post=204"},{"taxonomy":"giftcard-category","embeddable":true,"href":"https:\/\/skambantierdve.lt\/en\/wp-json\/wp\/v2\/giftcard-category?post=204"}],"curies":[{"name":"wp","href":"https:\/\/api.w.org\/{rel}","templated":true}]}}