{"id":203,"date":"2024-05-03T14:04:37","date_gmt":"2024-05-03T14:04:37","guid":{"rendered":"https:\/\/skambantierdve.lt\/?post_type=product&#038;p=203"},"modified":"2026-01-22T21:18:42","modified_gmt":"2026-01-22T21:18:42","slug":"afirmaciju-korteles","status":"publish","type":"product","link":"https:\/\/skambantierdve.lt\/en\/product\/afirmaciju-korteles\/","title":{"rendered":"Afirmacij\u0173 kortel\u0117s"},"content":{"rendered":"<p><strong>Kaip naudoti afirmacij\u0173 kotreles?<\/strong><\/p>\n<p>Afirmacijos gali b\u016bti naudingos, kai jas kartojate sau kasdien ar naudojate kaip dienos motyvacin\u012f \u012fkv\u0117pim\u0105. Svarbu jas skaityti ir tik\u0117ti j\u0173 turiniu, kad jos gal\u0117t\u0173 paskatinti teigiamas mintis ir jausmus.<\/p>\n<p>Daugelis \u017emoni\u0173 naudoja afirmacij\u0173 korteles kaip dienos prad\u017eios ritual\u0105 ar dienos metu, kad primint\u0173 sau svarbius dalykus arba sustiprint\u0173 teigiam\u0105 po\u017ei\u016br\u012f. Taip pat korteles galima naudoti kaip dal\u012f meditacijos praktikos. Skaitant ir svarstant pozityvias mintis, \u017emogus gali sustiprinti savo emocin\u0119 gerov\u0119 ir vidin\u0119 ramyb\u0119.<\/p>\n<p><strong>Kod\u0117l verta rinktis \u0161ias gausos afirmacij\u0173 kortel\u0117s?<\/strong><\/p>\n<ul>\n<li><strong>Sukurkia teigiam\u0105 potencial\u0105:<\/strong> Afirmacijos skatina teigiam\u0105 m\u0105stym\u0105 ir palengvina baimi\u0173 \u012fveikim\u0105. Motyvuojantis \u017eodis kartu su vaizdu su\u017eadina j\u016bs\u0173 vaizduot\u0119 ir suteikia energijos veikti.<\/li>\n<li><strong>Suteikia Pasitik\u0117jimo:<\/strong> Jauskite savo galimybes ir pritraukite tai, ko jums reikia.<\/li>\n<li><strong>Geriausia dovana sau ir artimam \u017emogui:<\/strong> Puiki dovana siekiant skatinti s\u0117km\u0119 ir gerov\u0119 sau ir artimiems \u017emon\u0117ms.<\/li>\n<\/ul>\n<p>&nbsp;<\/p>\n<p><strong>Rinkin\u012f sudaro:<\/strong><\/p>\n<ul>\n<li>44 kortel\u0117s su Linos \u017demynos kurtomis iliustracijomis ir pozityviais, \u012fkvepian\u010diais teiginiais.<\/li>\n<li>Korteli\u0173 apra\u0161ym\u0173 knygel\u0117<\/li>\n<li>D\u0117\u017eut\u0117<\/li>\n<\/ul>\n<p><strong>Kaina: 30Eur.+ siuntimo i\u0161laidos <\/strong><\/p>\n<p><strong>\u00a0<\/strong><\/p>\n<p><strong>Dovanos rinkin\u012f sudaro:<\/strong><\/p>\n<ul>\n<li>44 kortel\u0117s su Linos \u017demynos kurtomis iliustracijomis ir pozityviais, \u012fkvepian\u010diais teiginiais.<\/li>\n<li>Korteli\u0173 apra\u0161ym\u0173 knygel\u0117<\/li>\n<li>D\u0117\u017eut\u0117<\/li>\n<li>Prabangus aksominis mai\u0161elis su kaspinu<\/li>\n<\/ul>\n<p><strong>Kaina: 35Eur.+ siuntimo i\u0161laidos <\/strong><\/p>\n<p><strong>Prek\u0119 atsiimti nemokamai galite studijoje \u201eSkambanti erdv\u0117\u201c, Vilniuje.<\/strong><\/p>","protected":false},"excerpt":{"rendered":"<p>Afirmacij\u0173 kortel\u0117s yra puikus \u012frankis, kuris padeda skatinti teigiamus jausmus ir mintis. Jos jums gali tapti labai naudingu \u012frankiu skatinti pozityvius poky\u010dius savo gyvenime, pagerinti savijaut\u0105 ir pad\u0117ti palaikyti ger\u0105 emocin\u0119 b\u016bsen\u0105.<br \/>\nKiekvienoje kortel\u0117je rasite ne tik \u0161ilt\u0105 ir palaikant\u012f \u017eod\u012f, bet ir meninink\u0117s, Linos \u017demynos, pie\u0161tas iliustracijas, kurios papildo teigiam\u0105 \u017einut\u0119 ir dar labiau paskatina \u012fsijausti \u012f pozityvi\u0105 nuotaik\u0105, pasitik\u0117ti savimi ir stiprina vidin\u0119 motyvacij\u0105 veikti.<\/p>","protected":false},"featured_media":197,"comment_status":"open","ping_status":"closed","template":"","meta":{"_acf_changed":false,"_kad_blocks_custom_css":"","_kad_blocks_head_custom_js":"","_kad_blocks_body_custom_js":"","_kad_blocks_footer_custom_js":""},"product_brand":[],"product_cat":[16],"product_tag":[],"giftcard-category":[],"class_list":{"0":"post-203","1":"product","2":"type-product","3":"status-publish","4":"has-post-thumbnail","6":"product_cat-afirmaciju-korteles","8":"first","9":"instock","10":"shipping-taxable","11":"purchasable","12":"product-type-variable"},"acf":[],"taxonomy_info":{"product_cat":[{"value":16,"label":"Afirmacij\u0173 kortel\u0117s"}]},"featured_image_src_large":["https:\/\/skambantierdve.lt\/wp-content\/uploads\/2024\/05\/Mandala-afirmacijos-korteles-744x1024.jpg",744,1024,true],"author_info":[],"comment_info":0,"_links":{"self":[{"href":"https:\/\/skambantierdve.lt\/en\/wp-json\/wp\/v2\/product\/203","targetHints":{"allow":["GET"]}}],"collection":[{"href":"https:\/\/skambantierdve.lt\/en\/wp-json\/wp\/v2\/product"}],"about":[{"href":"https:\/\/skambantierdve.lt\/en\/wp-json\/wp\/v2\/types\/product"}],"replies":[{"embeddable":true,"href":"https:\/\/skambantierdve.lt\/en\/wp-json\/wp\/v2\/comments?post=203"}],"wp:featuredmedia":[{"embeddable":true,"href":"https:\/\/skambantierdve.lt\/en\/wp-json\/wp\/v2\/media\/197"}],"wp:attachment":[{"href":"https:\/\/skambantierdve.lt\/en\/wp-json\/wp\/v2\/media?parent=203"}],"wp:term":[{"taxonomy":"product_brand","embeddable":true,"href":"https:\/\/skambantierdve.lt\/en\/wp-json\/wp\/v2\/product_brand?post=203"},{"taxonomy":"product_cat","embeddable":true,"href":"https:\/\/skambantierdve.lt\/en\/wp-json\/wp\/v2\/product_cat?post=203"},{"taxonomy":"product_tag","embeddable":true,"href":"https:\/\/skambantierdve.lt\/en\/wp-json\/wp\/v2\/product_tag?post=203"},{"taxonomy":"giftcard-category","embeddable":true,"href":"https:\/\/skambantierdve.lt\/en\/wp-json\/wp\/v2\/giftcard-category?post=203"}],"curies":[{"name":"wp","href":"https:\/\/api.w.org\/{rel}","templated":true}]}}