{"id":194,"date":"2024-05-03T14:03:52","date_gmt":"2024-05-03T14:03:52","guid":{"rendered":"https:\/\/skambantierdve.lt\/?post_type=product&#038;p=194"},"modified":"2026-01-30T12:18:40","modified_gmt":"2026-01-30T12:18:40","slug":"gausos-afirmaciju-korteles","status":"publish","type":"product","link":"https:\/\/skambantierdve.lt\/en\/product\/gausos-afirmaciju-korteles\/","title":{"rendered":"Gausos afirmacij\u0173 kortel\u0117s"},"content":{"rendered":"<p><strong>Kaip naudoti afirmacij\u0173 kotreles?<\/strong><\/p>\n<p>Afirmacijos gali b\u016bti naudingos, kai jas kartojate sau kasdien ar naudojate kaip dienos motyvacin\u012f \u012fkv\u0117pim\u0105. Svarbu jas skaityti ir tik\u0117ti j\u0173 turiniu, kad jos gal\u0117t\u0173 paskatinti teigiamas mintis ir jausmus.<\/p>\n<p>Daugelis \u017emoni\u0173 naudoja afirmacij\u0173 korteles kaip dienos prad\u017eios ritual\u0105 ar dienos metu, kad primint\u0173 sau svarbius dalykus arba sustiprint\u0173 teigiam\u0105 po\u017ei\u016br\u012f. Taip pat korteles galima naudoti kaip dal\u012f meditacijos praktikos. Skaitant ir svarstant pozityvias mintis, \u017emogus gali sustiprinti savo emocin\u0119 gerov\u0119 ir vidin\u0119<\/p>\n<p>&nbsp;<\/p>\n<p><strong>Kod\u0117l verta rinktis \u0161ias gausos afirmacij\u0173 kortel\u0117s?<\/strong><\/p>\n<ul>\n<li><strong>Sukurkia teigiam\u0105 potencial\u0105:<\/strong> Afirmacijos skatina teigiam\u0105 m\u0105stym\u0105 ir palengvina baimi\u0173 \u012fveikim\u0105.<\/li>\n<li><strong>Suteikia Pasitik\u0117jimo:<\/strong> Jauskite savo galimybes ir pritraukite tai, ko jums reikia.<\/li>\n<li><strong>Geriausia dovana sau ir artimam \u017emogui:<\/strong> Puiki dovana siekiant skatinti s\u0117km\u0119 ir gerov\u0119 sau ir artimiems \u017emon\u0117ms.<\/li>\n<\/ul>\n<p><strong>Rinkin\u012f sudaro:<\/strong><\/p>\n<ul>\n<li>48 kortel\u0117s su Linos \u017demynos kurtomis iliustracijomis ir pozityviais, \u012fkvepian\u010diais teiginiais.<\/li>\n<li>Prabangus aksominis mai\u0161elis.<\/li>\n<\/ul>\n<p><strong>Kaina:<\/strong> 30Eur+siuntimo i\u0161laidos<\/p>\n<p>Nemokamai prek\u0119 galite atsiimti studijoje\u00a0 \u201eSkambanti Erdv\u0117\u201c<\/p>\n<p><strong>Prad\u0117kite savo kelion\u0119 \u012f gaus\u0105 jau \u0161iandien<\/strong><strong>!<\/strong><strong> Su unikaliomis gausos afirmacij\u0173 kortel\u0117mis.<\/strong><\/p>","protected":false},"excerpt":{"rendered":"<p><strong>Ar norite pritraukti gaus\u0105 ir klest\u0117jim\u0105 \u012f savo gyvenim\u0105?<\/strong><\/p>\n<p>Gausos afirmacij\u0173 kortel\u0117s &#8211; tai puikus b\u016bdas sustiprinti pozityvius \u012fsitikinimus apie pinigus ir \u012fsikv\u0117pti pasitik\u0117jimo savimi. Kiekviena kortel\u0117s iliustracija ir joje esantys \u017eod\u017eiai, skleid\u017eia \u017einut\u0119 apie klest\u0117jim\u0105 ir s\u0117km\u0119. Tai daugiau nei tik kortel\u0117s &#8211; tai galingos \u017eod\u017ei\u0173 formul\u0117s, kurios atveria j\u016bs\u0173 prot\u0105 gausai ir gerovei.<\/p>","protected":false},"featured_media":202,"comment_status":"open","ping_status":"closed","template":"","meta":{"_acf_changed":false,"_kad_blocks_custom_css":"","_kad_blocks_head_custom_js":"","_kad_blocks_body_custom_js":"","_kad_blocks_footer_custom_js":""},"product_brand":[],"product_cat":[16],"product_tag":[],"giftcard-category":[],"class_list":{"0":"post-194","1":"product","2":"type-product","3":"status-publish","4":"has-post-thumbnail","6":"product_cat-afirmaciju-korteles","8":"first","9":"instock","10":"shipping-taxable","11":"purchasable","12":"product-type-simple"},"acf":[],"taxonomy_info":{"product_cat":[{"value":16,"label":"Afirmacij\u0173 kortel\u0117s"}]},"featured_image_src_large":["https:\/\/skambantierdve.lt\/wp-content\/uploads\/2024\/05\/pritraukti-gausa-1024x1024.jpg",1024,1024,true],"author_info":[],"comment_info":0,"_links":{"self":[{"href":"https:\/\/skambantierdve.lt\/en\/wp-json\/wp\/v2\/product\/194","targetHints":{"allow":["GET"]}}],"collection":[{"href":"https:\/\/skambantierdve.lt\/en\/wp-json\/wp\/v2\/product"}],"about":[{"href":"https:\/\/skambantierdve.lt\/en\/wp-json\/wp\/v2\/types\/product"}],"replies":[{"embeddable":true,"href":"https:\/\/skambantierdve.lt\/en\/wp-json\/wp\/v2\/comments?post=194"}],"wp:featuredmedia":[{"embeddable":true,"href":"https:\/\/skambantierdve.lt\/en\/wp-json\/wp\/v2\/media\/202"}],"wp:attachment":[{"href":"https:\/\/skambantierdve.lt\/en\/wp-json\/wp\/v2\/media?parent=194"}],"wp:term":[{"taxonomy":"product_brand","embeddable":true,"href":"https:\/\/skambantierdve.lt\/en\/wp-json\/wp\/v2\/product_brand?post=194"},{"taxonomy":"product_cat","embeddable":true,"href":"https:\/\/skambantierdve.lt\/en\/wp-json\/wp\/v2\/product_cat?post=194"},{"taxonomy":"product_tag","embeddable":true,"href":"https:\/\/skambantierdve.lt\/en\/wp-json\/wp\/v2\/product_tag?post=194"},{"taxonomy":"giftcard-category","embeddable":true,"href":"https:\/\/skambantierdve.lt\/en\/wp-json\/wp\/v2\/giftcard-category?post=194"}],"curies":[{"name":"wp","href":"https:\/\/api.w.org\/{rel}","templated":true}]}}