{"id":183,"date":"2024-05-03T13:57:51","date_gmt":"2024-05-03T13:57:51","guid":{"rendered":"https:\/\/skambantierdve.lt\/?post_type=product&#038;p=183"},"modified":"2024-05-03T22:18:32","modified_gmt":"2024-05-03T22:18:32","slug":"geru-emociju-korteles-vaikams","status":"publish","type":"product","link":"https:\/\/skambantierdve.lt\/en\/product\/geru-emociju-korteles-vaikams\/","title":{"rendered":"Ger\u0173 emocij\u0173 kortel\u0117s vaikams"},"content":{"rendered":"<p><strong>Kod\u0117l tur\u0117tum\u0117t rinktis \u0161ias kortel\u0117s?<\/strong><\/p>\n<ul>\n<li><strong>Unikalus Dizainas:<\/strong> Kiekviena kortel\u0117 puo\u0161iama meninink\u0117s akvarele tapytais gyv\u016bnais, kurie akimirksniu pritraukia vaiko d\u0117mes\u012f.<\/li>\n<li><strong>Teigiamos Afirmacijos:<\/strong> Skatina savivert\u0119, dr\u0105s\u0105 ir meil\u0119 sau.<\/li>\n<li><strong>Mokymas ir \u017daidimas:<\/strong> Puiki priemon\u0117 lavinti vaiko emocin\u0119 inteligencij\u0105 ir bendravimo \u012fg\u016bd\u017eius.<\/li>\n<li><strong>Saugus ir Kokybi\u0161kas:<\/strong> Gamintos i\u0161 auk\u0161\u010diausios kokyb\u0117s med\u017eiag\u0173, saugus vaikams naudoti.<\/li>\n<li><strong>Lavina smulki\u0105j\u0105 motorik\u0105: <\/strong>Spalvindamas vaikas lavina ne tik vaizduot\u0119, bet ir smulki\u0105j\u0105 motorik\u0105.<\/li>\n<\/ul>\n<p><strong>Keletas b\u016bd\u0173 kaip galite naudoti korteles:<\/strong><\/p>\n<ul>\n<li>I\u0161sirinkite kortel\u0119 ryte, ruo\u0161iantis \u012f dar\u017eel\u012f ar mokykl\u0105. Aptarkite paveiksliuk\u0105. Pakartokite afirmacij\u0105 kartu su vaiku kelis kartus. Paklauskite kaip jis jau\u010diasi tardamas u\u017era\u0161ytus \u017eod\u017eius.<\/li>\n<li>Kai vaikas yra sud\u0117tingoje situacijoje, nerimauja, grau\u017eiasi ar bijo, galima i\u0161sitraukti kortel\u0119 ir su\u017einoti, k\u0105 apie tai sako gyv\u016bnai. Pozityvi afirmacija pad\u0117s i\u0161eiti i\u0161 u\u017esisukusio blog\u0173 min\u010di\u0173 rato.<\/li>\n<li>Pasirinkite ir aptarkite kortel\u0119 prie\u0161 eidami miegoti vakare. Pajauskite, pakartokite afirmacij\u0105 kelis kartus.<\/li>\n<\/ul>\n<p><strong>Rinkin\u012f sudaro:<\/strong><\/p>\n<ul>\n<li>24 kortel\u0117s, skirtos vaikams nuo 3 iki 12m.<\/li>\n<li>Informacinis lapelis<\/li>\n<li>Mai\u0161elis kortel\u0117ms laikyti<\/li>\n<\/ul>\n<p><strong>Kaina: <\/strong>17Eur.<\/p>\n<p>Prek\u0119 atsiimti nemokamai galite studijoje \u201eSkambanti erdv\u0117\u201c, Vilniuje.<\/p>\n<p><strong>U\u017esisakykite dabar ir leiskite vaikui atrasti pozityvesn\u012f pasaul\u012f!<\/strong><\/p>","protected":false},"excerpt":{"rendered":"<p><strong>Kad vaiko vidinis pasaulis nu\u0161vist\u0173 ry\u0161kiausiomis spalvomis<\/strong><\/p>\n<p>Ie\u0161kote puikaus b\u016bdo skatinti savo vaiko emocin\u0119 gerov\u0119? \u0160ios unikalios ger\u0173 emocij\u0173 kortel\u0117s su meninink\u0117s akvarele tapytais gyv\u016bnais yra kaip tik tai, ko reikia!<\/p>\n<p>Kiekviena kortel\u0117 sugr\u0105\u017eins \u0161ypsen\u0105 \u012f j\u016bs\u0173 vaiko veid\u0105 ir pad\u0117s lavinti svarbius emocinius \u012fg\u016bd\u017eius, tokius kaip: pasitik\u0117jimas savimi, dr\u0105sa ir bendravimo \u012fg\u016bd\u017eiai. \u0160ios kortel\u0117s yra ne tik dailios ir spalvingos, bet ir pilnos motyvuojan\u010di\u0173 afirmacij\u0173, kurios skatina teigiam\u0105 m\u0105stym\u0105. \u0160ios kortel\u0117s taip pat patiks m\u0117gstantiems spalvinti, nes kitoje kortel\u0117s pus\u0117je gyv\u016bnas nespalvotas, kad vaikas gal\u0117t\u0173 j\u012f nuspalvinti taip, kaip jam patinka. Ger\u0173 emocij\u0173 kortel\u0117s, tai ideali dovana, kuri leid\u017eia vaikui augti pasitikin\u010diu ir geban\u010diu reik\u0161ti savo jausmus \u017emogumi.<\/p>","protected":false},"featured_media":187,"comment_status":"open","ping_status":"closed","template":"","meta":{"_acf_changed":false,"_kad_blocks_custom_css":"","_kad_blocks_head_custom_js":"","_kad_blocks_body_custom_js":"","_kad_blocks_footer_custom_js":""},"product_brand":[],"product_cat":[16],"product_tag":[],"giftcard-category":[],"class_list":{"0":"post-183","1":"product","2":"type-product","3":"status-publish","4":"has-post-thumbnail","6":"product_cat-afirmaciju-korteles","8":"first","9":"instock","10":"shipping-taxable","11":"purchasable","12":"product-type-simple"},"acf":[],"taxonomy_info":{"product_cat":[{"value":16,"label":"Afirmacij\u0173 kortel\u0117s"}]},"featured_image_src_large":["https:\/\/skambantierdve.lt\/wp-content\/uploads\/2024\/05\/Paveiksleliai-spalvinimui-geros-emocijos-vaikams.jpg",1023,1024,false],"author_info":[],"comment_info":0,"_links":{"self":[{"href":"https:\/\/skambantierdve.lt\/en\/wp-json\/wp\/v2\/product\/183","targetHints":{"allow":["GET"]}}],"collection":[{"href":"https:\/\/skambantierdve.lt\/en\/wp-json\/wp\/v2\/product"}],"about":[{"href":"https:\/\/skambantierdve.lt\/en\/wp-json\/wp\/v2\/types\/product"}],"replies":[{"embeddable":true,"href":"https:\/\/skambantierdve.lt\/en\/wp-json\/wp\/v2\/comments?post=183"}],"wp:featuredmedia":[{"embeddable":true,"href":"https:\/\/skambantierdve.lt\/en\/wp-json\/wp\/v2\/media\/187"}],"wp:attachment":[{"href":"https:\/\/skambantierdve.lt\/en\/wp-json\/wp\/v2\/media?parent=183"}],"wp:term":[{"taxonomy":"product_brand","embeddable":true,"href":"https:\/\/skambantierdve.lt\/en\/wp-json\/wp\/v2\/product_brand?post=183"},{"taxonomy":"product_cat","embeddable":true,"href":"https:\/\/skambantierdve.lt\/en\/wp-json\/wp\/v2\/product_cat?post=183"},{"taxonomy":"product_tag","embeddable":true,"href":"https:\/\/skambantierdve.lt\/en\/wp-json\/wp\/v2\/product_tag?post=183"},{"taxonomy":"giftcard-category","embeddable":true,"href":"https:\/\/skambantierdve.lt\/en\/wp-json\/wp\/v2\/giftcard-category?post=183"}],"curies":[{"name":"wp","href":"https:\/\/api.w.org\/{rel}","templated":true}]}}