{"id":182,"date":"2024-05-03T13:55:38","date_gmt":"2024-05-03T13:55:38","guid":{"rendered":"https:\/\/skambantierdve.lt\/?post_type=product&#038;p=182"},"modified":"2024-05-04T23:01:10","modified_gmt":"2024-05-04T23:01:10","slug":"galios-gyvunu-kortos-atraskite-vidine-jega-su-galios-gyvunu","status":"publish","type":"product","link":"https:\/\/skambantierdve.lt\/en\/product\/galios-gyvunu-kortos-atraskite-vidine-jega-su-galios-gyvunu\/","title":{"rendered":"Galios gyv\u016bn\u0173 kortos"},"content":{"rendered":"<p><strong>Kaip Atrasti Ry\u0161\u012f su Savo Galios Gyv\u016bnu?<\/strong><\/p>\n<ul>\n<li><strong>Meditacija:<\/strong> Naudojant garso meditacij\u0105, leiskite sau \u012fsitraukti \u012f vizualin\u012f susitikim\u0105 su pasirinktu gyv\u016bnu.<\/li>\n<li><strong>Refleksija:<\/strong> Atsipalaiduokite ir leiskite sau pasinerti \u012f gyv\u016bno savybes bei simbolin\u0119 reik\u0161m\u0119.<\/li>\n<li><strong>Integracija:<\/strong> Prisiminkite \u0161ias savybes ir pritaikykite jas savo kasdieniniame gyvenime, siekdami stiprinti savo vidin\u0119 j\u0117g\u0105 ir pasitik\u0117jim\u0105.<\/li>\n<\/ul>\n<p><strong>Rinkin\u012f sudaro:<\/strong><\/p>\n<ul>\n<li>34 galios gyv\u016bn\u0173 kortos<\/li>\n<li>Apra\u0161ym\u0173 knygel\u0117<\/li>\n<li>\u201eGalios gyv\u016bno\u201c audio meditacija (nuskanuokite knygel\u0117je esant\u012f kod\u0105 ir gaukite nuorod\u0105 \u012f audio meditacij\u0105 su vedimu)<\/li>\n<li>D\u0117\u017eut\u0117<\/li>\n<\/ul>\n<p><strong>Kaina: <\/strong>26Eur.<\/p>\n<p>Prek\u0119 atsiimti nemokamai galite studijoje \u201eSkambanti erdv\u0117\u201c, Vilniuje.<\/p>\n<p><strong>U\u017esisakykite dabar ir leiskite savo galios gyv\u016bno energijai jus sustiprinti. <\/strong><\/p>","protected":false},"excerpt":{"rendered":"<p><strong>&#8222;Atraskite vidin\u0119 j\u0117g\u0105 su galios gyv\u016bnu&#8221;<\/strong><br \/>\nKiekvienas gyv\u016bnas simbolizuoja tam tikras savybes ir energij\u0105, kurias galime suvokti, pajausti ir<br \/>\npritaikyti. Stipr\u016bs gyv\u016bn\u0173 archetipai ir afirmacijos pad\u0117s atsakyti \u012f r\u016bpim\u0105 klausim\u0105 arba gauti nuorod\u0105<br \/>\nesamoje situacijoje. Susitikimas su savo galios gyv\u016bnu gali atrasti gilesn\u012f ry\u0161\u012f su savo vidiniu a\u0161 ir pad\u0117ti<br \/>\nj\u012f i\u0161reik\u0161ti.<br \/>\nPasirinkdami savo galios gyv\u016bn\u0105 i\u0161 korteli\u0173 rinkinio, tur\u0117si galimyb\u0119 pasinerti \u012f jo simbolin\u0119 reik\u0161m\u0119 ir<br \/>\nprad\u0117ti ry\u0161kiau suvokti savo potencial\u0105 bei j\u0117g\u0105.<\/p>","protected":false},"featured_media":503,"comment_status":"open","ping_status":"closed","template":"","meta":{"_acf_changed":false,"_kad_blocks_custom_css":"","_kad_blocks_head_custom_js":"","_kad_blocks_body_custom_js":"","_kad_blocks_footer_custom_js":""},"product_brand":[],"product_cat":[16],"product_tag":[],"giftcard-category":[],"class_list":{"0":"post-182","1":"product","2":"type-product","3":"status-publish","4":"has-post-thumbnail","6":"product_cat-afirmaciju-korteles","8":"first","9":"instock","10":"shipping-taxable","11":"purchasable","12":"product-type-simple"},"acf":[],"taxonomy_info":{"product_cat":[{"value":16,"label":"Afirmacij\u0173 kortel\u0117s"}]},"featured_image_src_large":["https:\/\/skambantierdve.lt\/wp-content\/uploads\/2024\/05\/kortos-galia-pasitikejimas.jpg",1024,1024,false],"author_info":[],"comment_info":0,"_links":{"self":[{"href":"https:\/\/skambantierdve.lt\/en\/wp-json\/wp\/v2\/product\/182","targetHints":{"allow":["GET"]}}],"collection":[{"href":"https:\/\/skambantierdve.lt\/en\/wp-json\/wp\/v2\/product"}],"about":[{"href":"https:\/\/skambantierdve.lt\/en\/wp-json\/wp\/v2\/types\/product"}],"replies":[{"embeddable":true,"href":"https:\/\/skambantierdve.lt\/en\/wp-json\/wp\/v2\/comments?post=182"}],"wp:featuredmedia":[{"embeddable":true,"href":"https:\/\/skambantierdve.lt\/en\/wp-json\/wp\/v2\/media\/503"}],"wp:attachment":[{"href":"https:\/\/skambantierdve.lt\/en\/wp-json\/wp\/v2\/media?parent=182"}],"wp:term":[{"taxonomy":"product_brand","embeddable":true,"href":"https:\/\/skambantierdve.lt\/en\/wp-json\/wp\/v2\/product_brand?post=182"},{"taxonomy":"product_cat","embeddable":true,"href":"https:\/\/skambantierdve.lt\/en\/wp-json\/wp\/v2\/product_cat?post=182"},{"taxonomy":"product_tag","embeddable":true,"href":"https:\/\/skambantierdve.lt\/en\/wp-json\/wp\/v2\/product_tag?post=182"},{"taxonomy":"giftcard-category","embeddable":true,"href":"https:\/\/skambantierdve.lt\/en\/wp-json\/wp\/v2\/giftcard-category?post=182"}],"curies":[{"name":"wp","href":"https:\/\/api.w.org\/{rel}","templated":true}]}}