{"id":178,"date":"2024-05-03T12:50:41","date_gmt":"2024-05-03T12:50:41","guid":{"rendered":"https:\/\/skambantierdve.lt\/?post_type=product&#038;p=178"},"modified":"2025-12-22T12:26:21","modified_gmt":"2025-12-22T12:26:21","slug":"dvasios-gyvunu-kortos","status":"publish","type":"product","link":"https:\/\/skambantierdve.lt\/en\/product\/dvasios-gyvunu-kortos\/","title":{"rendered":"\u201eDvasios gyv\u016bn\u0173 kortos\u201c"},"content":{"rendered":"<p><strong>\u0160ias korteles rekomenduojame naudoti:<\/strong><\/p>\n<ul>\n<li>Savistabai<\/li>\n<li>\u017daidimams<\/li>\n<li>Tinka metaforini\u0173 kort\u0173 specialistams ir m\u0117g\u0117jams<\/li>\n<li>Dovanai<\/li>\n<li>Kaip sveikinimo atviruk\u0105 draugui<br \/>\n<strong>Rinkin\u012f sudaro:<\/strong><\/li>\n<li>24 vnt. 13,5&#215;18,5cm. atvirukai<\/li>\n<li>Tekstai lietuvi\u0173 ir angl\u0173 kalbomis<\/li>\n<li>D\u0117\u017eut\u0117<br \/>\n<strong>Kaina:<\/strong> 33Eur. +siuntimo paslaugos<br \/>\nPrek\u0119 atsiimti nemokamai galite studijoje \u201eSkambanti erdv\u0117\u201c, Vilniuje.<\/li>\n<\/ul>","protected":false},"excerpt":{"rendered":"<p>Tai 24 atviruk\u0173 rinkinys su dvasios gyv\u016bnais.<br \/>\nJuos suk\u016br\u0117 nuostabi meninink\u0117 &#8211; Sigita Mockut\u0117, pasitelkusi savo vidinio pasaulio ir spalvot\u0173<br \/>\npie\u0161tuk\u0173 magij\u0105.<br \/>\nRinkinyje rasite apra\u0161ym\u0105, kaip galite naudoti \u0161ias korteles ir trumpas kiekvieno gyv\u016bno<br \/>\nreik\u0161mes.<\/p>","protected":false},"featured_media":180,"comment_status":"open","ping_status":"closed","template":"","meta":{"_acf_changed":false,"_kad_blocks_custom_css":"","_kad_blocks_head_custom_js":"","_kad_blocks_body_custom_js":"","_kad_blocks_footer_custom_js":""},"product_brand":[],"product_cat":[16],"product_tag":[],"giftcard-category":[],"class_list":{"0":"post-178","1":"product","2":"type-product","3":"status-publish","4":"has-post-thumbnail","6":"product_cat-afirmaciju-korteles","8":"first","9":"outofstock","10":"shipping-taxable","11":"purchasable","12":"product-type-simple"},"acf":[],"taxonomy_info":{"product_cat":[{"value":16,"label":"Afirmacij\u0173 kortel\u0117s"}]},"featured_image_src_large":["https:\/\/skambantierdve.lt\/wp-content\/uploads\/2024\/05\/received_1150842909695942.jpeg",768,512,false],"author_info":[],"comment_info":0,"_links":{"self":[{"href":"https:\/\/skambantierdve.lt\/en\/wp-json\/wp\/v2\/product\/178","targetHints":{"allow":["GET"]}}],"collection":[{"href":"https:\/\/skambantierdve.lt\/en\/wp-json\/wp\/v2\/product"}],"about":[{"href":"https:\/\/skambantierdve.lt\/en\/wp-json\/wp\/v2\/types\/product"}],"replies":[{"embeddable":true,"href":"https:\/\/skambantierdve.lt\/en\/wp-json\/wp\/v2\/comments?post=178"}],"wp:featuredmedia":[{"embeddable":true,"href":"https:\/\/skambantierdve.lt\/en\/wp-json\/wp\/v2\/media\/180"}],"wp:attachment":[{"href":"https:\/\/skambantierdve.lt\/en\/wp-json\/wp\/v2\/media?parent=178"}],"wp:term":[{"taxonomy":"product_brand","embeddable":true,"href":"https:\/\/skambantierdve.lt\/en\/wp-json\/wp\/v2\/product_brand?post=178"},{"taxonomy":"product_cat","embeddable":true,"href":"https:\/\/skambantierdve.lt\/en\/wp-json\/wp\/v2\/product_cat?post=178"},{"taxonomy":"product_tag","embeddable":true,"href":"https:\/\/skambantierdve.lt\/en\/wp-json\/wp\/v2\/product_tag?post=178"},{"taxonomy":"giftcard-category","embeddable":true,"href":"https:\/\/skambantierdve.lt\/en\/wp-json\/wp\/v2\/giftcard-category?post=178"}],"curies":[{"name":"wp","href":"https:\/\/api.w.org\/{rel}","templated":true}]}}