{"id":143,"date":"2024-05-03T11:42:35","date_gmt":"2024-05-03T11:42:35","guid":{"rendered":"https:\/\/skambantierdve.lt\/?post_type=product&#038;p=143"},"modified":"2024-05-03T22:20:15","modified_gmt":"2024-05-03T22:20:15","slug":"poreikiu-korteles","status":"publish","type":"product","link":"https:\/\/skambantierdve.lt\/en\/product\/poreikiu-korteles\/","title":{"rendered":"Poreiki\u0173 kortel\u0117s"},"content":{"rendered":"<p><strong>Kuo gali b\u016bti naudingos poreiki\u0173 kortel\u0117s ir kaip galima jas naudoti?<\/strong><\/p>\n<ul>\n<li><strong>Supratimas:<\/strong> Poreiki\u0173 kortel\u0117s padeda geriau suprasti savo vidinius jausmus ir tro\u0161kimus.<br \/>\nRengiantis gyvenimui, svarbu \u017einoti, ko i\u0161 tikr\u0173j\u0173 norime ir ko siekiame.<\/li>\n<li><strong>Sav\u0119s Pa\u017einimas:<\/strong> \u017dinant savo poreikius, lengviau atpa\u017einti, k\u0105 reikia pakeisti ar gerinti savo<br \/>\ngyvenime. Tai puiki priemon\u0117 asmeniniam augimui ir savigarbos procesui.<\/li>\n<li><strong>K\u016brybi\u0161kumas:<\/strong> Poreiki\u0173 kortel\u0117s skatina k\u016brybi\u0161kum\u0105 ir vaizduot\u0119. Jos gali b\u016bti naudojamos<br \/>\nkaip \u012fkv\u0117pimo \u0161altinis k\u016brybin\u0117se srityse, padedant vizualiai i\u0161reik\u0161ti mintis ir id\u0117jas.<\/li>\n<li><strong>Kartu veikimas:<\/strong> Korteles galima naudoti grupin\u0117se veiklose ar terapijoje, kurios skatina dialog\u0105<br \/>\nir bendradarbiavim\u0105. Jos puikiai tinka bendravimo \u012fg\u016bd\u017ei\u0173 lavinimui.<\/li>\n<\/ul>\n<p>Leiskite menin\u0117ms iliustracijoms pad\u0117ti jums suprasti savo poreikius ir \u012fkv\u0117pti jus teigiamiems poky\u010diam.<\/p>\n<ul>\n<li><strong>Asmenin\u0117 refleksija:<\/strong> Atlikite sav\u0119s pa\u017einimo pratimus, analizuokite savo poreikius ir prioritetus.<\/li>\n<li><strong>Terapija:<\/strong> Terapeutai gali naudoti poreiki\u0173 korteles per sesijas, siekdami pad\u0117ti klientams geriau<br \/>\nsuvokti ir i\u0161reik\u0161ti savo jausmus.<\/li>\n<li><strong>K\u016brybinis procesas:<\/strong> Menininkai ir k\u016brybiniai \u017emon\u0117s gali naudoti poreiki\u0173 korteles kaip<br \/>\n\u012fkv\u0117pimo \u0161altin\u012f savo darbuose ir projektuose.<\/li>\n<li><strong>Grupiniai veiksmai:<\/strong> Poreiki\u0173 korteles galima naudoti grupin\u0117se diskusijose ar veiklose, kad<br \/>\nskatint\u0173 bendravim\u0105 ir s\u0105veik\u0105 tarp dalyvi\u0173.<\/li>\n<\/ul>\n<p><strong>Rinkin\u012f sudaro:<\/strong><br \/>\n22 poreikius atspindin\u010dios kortel\u0117s<br \/>\nApra\u0161as ir korteli\u0173 naudojimo instrukcija<br \/>\nMai\u0161elis kortel\u0117ms laikyti<\/p>\n<p><strong>Kaina: 22 Eur. +siuntimo i\u0161laidos<\/strong><br \/>\nPrek\u0119 atsiimti nemokamai galite studijoje \u201eSkambanti erdv\u0117\u201c, Vilniuje.<br \/>\n<strong>U\u017esisakykite poreiki\u0173 korteli\u0173 rinkin\u012f dar \u0161iandien!<\/strong><\/p>","protected":false},"excerpt":{"rendered":"<p>Poreiki\u0173 kortel\u0117s yra puiki priemon\u0117 pad\u0117ti mums geriau suprasti savo vidinius jausmus, poreikius ir tro\u0161kimus. Kiekviena kortel\u0117 nupie\u0161ta su meile ir dideliu d\u0117mesiu detal\u0117ms, kurios atspindi svarbius j\u016bs\u0173 poreikius. Tai puikus b\u016bdas vizualiai suvokti ir apm\u0105styti, k\u0105 tikrai jie rei\u0161kia j\u016bs\u0173 gyvenime.<\/p>","protected":false},"featured_media":172,"comment_status":"open","ping_status":"closed","template":"","meta":{"_acf_changed":false,"_kad_blocks_custom_css":"","_kad_blocks_head_custom_js":"","_kad_blocks_body_custom_js":"","_kad_blocks_footer_custom_js":""},"product_brand":[],"product_cat":[16],"product_tag":[],"giftcard-category":[],"class_list":{"0":"post-143","1":"product","2":"type-product","3":"status-publish","4":"has-post-thumbnail","6":"product_cat-afirmaciju-korteles","8":"first","9":"instock","10":"shipping-taxable","11":"purchasable","12":"product-type-simple"},"acf":[],"taxonomy_info":{"product_cat":[{"value":16,"label":"Afirmacij\u0173 kortel\u0117s"}]},"featured_image_src_large":["https:\/\/skambantierdve.lt\/wp-content\/uploads\/2024\/04\/patenkinti-poreikiai-saves-pazinimas.jpg",1024,1024,false],"author_info":[],"comment_info":0,"_links":{"self":[{"href":"https:\/\/skambantierdve.lt\/en\/wp-json\/wp\/v2\/product\/143","targetHints":{"allow":["GET"]}}],"collection":[{"href":"https:\/\/skambantierdve.lt\/en\/wp-json\/wp\/v2\/product"}],"about":[{"href":"https:\/\/skambantierdve.lt\/en\/wp-json\/wp\/v2\/types\/product"}],"replies":[{"embeddable":true,"href":"https:\/\/skambantierdve.lt\/en\/wp-json\/wp\/v2\/comments?post=143"}],"wp:featuredmedia":[{"embeddable":true,"href":"https:\/\/skambantierdve.lt\/en\/wp-json\/wp\/v2\/media\/172"}],"wp:attachment":[{"href":"https:\/\/skambantierdve.lt\/en\/wp-json\/wp\/v2\/media?parent=143"}],"wp:term":[{"taxonomy":"product_brand","embeddable":true,"href":"https:\/\/skambantierdve.lt\/en\/wp-json\/wp\/v2\/product_brand?post=143"},{"taxonomy":"product_cat","embeddable":true,"href":"https:\/\/skambantierdve.lt\/en\/wp-json\/wp\/v2\/product_cat?post=143"},{"taxonomy":"product_tag","embeddable":true,"href":"https:\/\/skambantierdve.lt\/en\/wp-json\/wp\/v2\/product_tag?post=143"},{"taxonomy":"giftcard-category","embeddable":true,"href":"https:\/\/skambantierdve.lt\/en\/wp-json\/wp\/v2\/giftcard-category?post=143"}],"curies":[{"name":"wp","href":"https:\/\/api.w.org\/{rel}","templated":true}]}}