{"id":91,"date":"2024-04-28T00:11:29","date_gmt":"2024-04-28T00:11:29","guid":{"rendered":"https:\/\/skambantierdve.lt\/?page_id=91"},"modified":"2024-05-05T16:34:03","modified_gmt":"2024-05-05T16:34:03","slug":"edukacinis-uzsiemimas-garso-pasaulis","status":"publish","type":"page","link":"https:\/\/skambantierdve.lt\/en\/paslaugos\/edukacinis-uzsiemimas-garso-pasaulis\/","title":{"rendered":"Edukacinis u\u017esi\u0117mimas \u201eGarso pasaulis\u201c"},"content":{"rendered":"<style>.kb-row-layout-id91_6d2ab9-71 > .kt-row-column-wrap{align-content:start;}:where(.kb-row-layout-id91_6d2ab9-71 > .kt-row-column-wrap) > .wp-block-kadence-column{justify-content:start;}.kb-row-layout-id91_6d2ab9-71 > .kt-row-column-wrap{column-gap:var(--global-kb-gap-md, 2rem);row-gap:var(--global-kb-gap-md, 2rem);padding-top:var(--global-kb-spacing-sm, 1.5rem);padding-bottom:var(--global-kb-spacing-xl, 4rem);grid-template-columns:minmax(0, 1fr);}.kb-row-layout-id91_6d2ab9-71 > .kt-row-layout-overlay{opacity:0.30;}@media all and (max-width: 1024px){.kb-row-layout-id91_6d2ab9-71 > .kt-row-column-wrap{grid-template-columns:minmax(0, 1fr);}}@media all and (max-width: 767px){.kb-row-layout-id91_6d2ab9-71 > .kt-row-column-wrap{padding-bottom:var(--global-kb-spacing-xxs, 0.5rem);grid-template-columns:minmax(0, 1fr);}}<\/style><div class=\"kb-row-layout-wrap kb-row-layout-id91_6d2ab9-71 alignnone wp-block-kadence-rowlayout\"><div class=\"kt-row-column-wrap kt-has-1-columns kt-row-layout-equal kt-tab-layout-inherit kt-mobile-layout-row kt-row-valign-top\">\n<style>.kadence-column91_e87a3a-8c > .kt-inside-inner-col,.kadence-column91_e87a3a-8c > .kt-inside-inner-col:before{border-top-left-radius:0px;border-top-right-radius:0px;border-bottom-right-radius:0px;border-bottom-left-radius:0px;}.kadence-column91_e87a3a-8c > .kt-inside-inner-col{column-gap:var(--global-kb-gap-sm, 1rem);}.kadence-column91_e87a3a-8c > .kt-inside-inner-col{flex-direction:column;}.kadence-column91_e87a3a-8c > .kt-inside-inner-col > .aligncenter{width:100%;}.kadence-column91_e87a3a-8c > .kt-inside-inner-col:before{opacity:0.3;}.kadence-column91_e87a3a-8c{position:relative;}@media all and (max-width: 1024px){.kadence-column91_e87a3a-8c > .kt-inside-inner-col{flex-direction:column;justify-content:center;}}@media all and (max-width: 767px){.kadence-column91_e87a3a-8c > .kt-inside-inner-col{flex-direction:column;justify-content:center;}}<\/style>\n<div class=\"wp-block-kadence-column kadence-column91_e87a3a-8c\"><div class=\"kt-inside-inner-col\"><style>.wp-block-kadence-advancedheading.kt-adv-heading91_4b352c-3f, .wp-block-kadence-advancedheading.kt-adv-heading91_4b352c-3f[data-kb-block=\"kb-adv-heading91_4b352c-3f\"]{padding-top:var(--global-kb-spacing-md, 2rem);text-align:center;font-size:48px;font-style:normal;}.wp-block-kadence-advancedheading.kt-adv-heading91_4b352c-3f mark.kt-highlight, .wp-block-kadence-advancedheading.kt-adv-heading91_4b352c-3f[data-kb-block=\"kb-adv-heading91_4b352c-3f\"] mark.kt-highlight{font-style:normal;color:#f76a0c;-webkit-box-decoration-break:clone;box-decoration-break:clone;padding-top:0px;padding-right:0px;padding-bottom:0px;padding-left:0px;}.wp-block-kadence-advancedheading.kt-adv-heading91_4b352c-3f img.kb-inline-image, .wp-block-kadence-advancedheading.kt-adv-heading91_4b352c-3f[data-kb-block=\"kb-adv-heading91_4b352c-3f\"] img.kb-inline-image{width:150px;vertical-align:baseline;}@media all and (max-width: 767px){.wp-block-kadence-advancedheading.kt-adv-heading91_4b352c-3f, .wp-block-kadence-advancedheading.kt-adv-heading91_4b352c-3f[data-kb-block=\"kb-adv-heading91_4b352c-3f\"]{font-size:var(--global-kb-font-size-lg, 2rem);}}<\/style>\n<h1 class=\"kt-adv-heading91_4b352c-3f wp-block-kadence-advancedheading has-palette-color-11-color has-text-color\" data-kb-block=\"kb-adv-heading91_4b352c-3f\">Edukacinis u\u017esi\u0117mimas \u201eGarso pasaulis\u201c<\/h1>\n<\/div><\/div>\n\n<\/div><\/div>\n\n<style>.kb-row-layout-wrap.wp-block-kadence-rowlayout.kb-row-layout-id91_c90b24-b8{margin-top:0px;margin-bottom:0px;}.kb-row-layout-id91_c90b24-b8 > .kt-row-column-wrap{align-content:start;}:where(.kb-row-layout-id91_c90b24-b8 > .kt-row-column-wrap) > .wp-block-kadence-column{justify-content:start;}.kb-row-layout-id91_c90b24-b8 > .kt-row-column-wrap{column-gap:var(--global-kb-gap-none, 0rem );row-gap:var(--global-kb-gap-none, 0rem );max-width:1440px;min-height:400px;grid-template-columns:minmax(0, calc(50% - ((var(--global-kb-gap-none, 0rem ) * 1 )\/2)))minmax(0, calc(50% - ((var(--global-kb-gap-none, 0rem ) * 1 )\/2)));}.kb-row-layout-id91_c90b24-b8 > .kt-row-layout-overlay{opacity:0.30;}@media all and (max-width: 1024px){.kb-row-layout-id91_c90b24-b8 > .kt-row-column-wrap{padding-right:0px;padding-left:0px;grid-template-columns:repeat(2, minmax(0, 1fr));}}@media all and (max-width: 767px){.kb-row-layout-id91_c90b24-b8 > .kt-row-column-wrap{grid-template-columns:minmax(0, 1fr);}.kb-row-layout-id91_c90b24-b8 > .kt-row-column-wrap > .wp-block-kadence-column:nth-child(1 of *:not(style)){order:2;}.kb-row-layout-id91_c90b24-b8 > .kt-row-column-wrap > .wp-block-kadence-column:nth-child(2 of *:not(style)){order:1;}.kb-row-layout-id91_c90b24-b8 > .kt-row-column-wrap > .wp-block-kadence-column:nth-child(3 of *:not(style)){order:12;}.kb-row-layout-id91_c90b24-b8 > .kt-row-column-wrap > .wp-block-kadence-column:nth-child(4 of *:not(style)){order:11;}.kb-row-layout-id91_c90b24-b8 > .kt-row-column-wrap > .wp-block-kadence-column:nth-child(5 of *:not(style)){order:22;}.kb-row-layout-id91_c90b24-b8 > .kt-row-column-wrap > .wp-block-kadence-column:nth-child(6 of *:not(style)){order:21;}.kb-row-layout-id91_c90b24-b8 > .kt-row-column-wrap > .wp-block-kadence-column:nth-child(7 of *:not(style)){order:32;}.kb-row-layout-id91_c90b24-b8 > .kt-row-column-wrap > .wp-block-kadence-column:nth-child(8 of *:not(style)){order:31;}}<\/style><div class=\"kb-row-layout-wrap kb-row-layout-id91_c90b24-b8 alignfull wp-block-kadence-rowlayout\"><div class=\"kt-row-column-wrap kt-has-2-columns kt-row-layout-equal kt-tab-layout-inherit kt-mobile-layout-row kt-row-valign-top kb-theme-content-width\">\n<style>.kadence-column91_aad64b-11 > .kt-inside-inner-col{display:flex;}.kadence-column91_aad64b-11 > .kt-inside-inner-col{min-height:600px;}.kadence-column91_aad64b-11 > .kt-inside-inner-col,.kadence-column91_aad64b-11 > .kt-inside-inner-col:before{border-top-left-radius:0px;border-top-right-radius:0px;border-bottom-right-radius:0px;border-bottom-left-radius:0px;}.kadence-column91_aad64b-11 > .kt-inside-inner-col{column-gap:var(--global-kb-gap-sm, 1rem);}.kadence-column91_aad64b-11 > .kt-inside-inner-col{flex-direction:column;justify-content:flex-start;}.kadence-column91_aad64b-11 > .kt-inside-inner-col > .aligncenter{width:100%;}.kt-row-column-wrap > .kadence-column91_aad64b-11{align-self:flex-start;}.kt-inner-column-height-full:not(.kt-has-1-columns) > .wp-block-kadence-column.kadence-column91_aad64b-11{align-self:auto;}.kt-inner-column-height-full:not(.kt-has-1-columns) > .wp-block-kadence-column.kadence-column91_aad64b-11 > .kt-inside-inner-col{flex-direction:column;justify-content:flex-start;}.kadence-column91_aad64b-11 > .kt-inside-inner-col{background-image:url('https:\/\/skambantierdve.lt\/wp-content\/uploads\/2024\/04\/studija-skambanti-erdve-smaniskas-bugnas-terapiniai-instrumentai.jpg');background-size:cover;background-position:49% 57.99999999999999%;background-attachment:scroll;background-repeat:no-repeat;}.kadence-column91_aad64b-11 > .kt-inside-inner-col:before{opacity:0.3;}.kadence-column91_aad64b-11{position:relative;}@media all and (max-width: 1024px){.kadence-column91_aad64b-11 > .kt-inside-inner-col{min-height:450px;flex-direction:column;justify-content:flex-start;}}@media all and (max-width: 1024px){.kt-row-column-wrap > .kadence-column91_aad64b-11{align-self:flex-start;}}@media all and (max-width: 1024px){.kt-inner-column-height-full:not(.kt-has-1-columns) > .wp-block-kadence-column.kadence-column91_aad64b-11{align-self:auto;}}@media all and (max-width: 1024px){.kt-inner-column-height-full:not(.kt-has-1-columns) > .wp-block-kadence-column.kadence-column91_aad64b-11 > .kt-inside-inner-col{flex-direction:column;justify-content:flex-start;}}@media all and (max-width: 767px){.kt-row-column-wrap > .kadence-column91_aad64b-11{align-self:flex-start;}.kt-inner-column-height-full:not(.kt-has-1-columns) > .wp-block-kadence-column.kadence-column91_aad64b-11{align-self:auto;}.kt-inner-column-height-full:not(.kt-has-1-columns) > .wp-block-kadence-column.kadence-column91_aad64b-11 > .kt-inside-inner-col{flex-direction:column;justify-content:flex-start;}.kadence-column91_aad64b-11 > .kt-inside-inner-col{flex-direction:column;justify-content:flex-start;}}<\/style>\n<div class=\"wp-block-kadence-column kadence-column91_aad64b-11\"><div class=\"kt-inside-inner-col\"><\/div><\/div>\n\n\n<style>.kadence-column91_f5d426-dd > .kt-inside-inner-col{display:flex;}.kadence-column91_f5d426-dd > .kt-inside-inner-col{padding-right:0px;padding-left:var(--global-kb-spacing-xl, 4rem);}.kadence-column91_f5d426-dd > .kt-inside-inner-col,.kadence-column91_f5d426-dd > .kt-inside-inner-col:before{border-top-left-radius:0px;border-top-right-radius:0px;border-bottom-right-radius:0px;border-bottom-left-radius:0px;}.kadence-column91_f5d426-dd > .kt-inside-inner-col{column-gap:var(--global-kb-gap-sm, 1rem);}.kadence-column91_f5d426-dd > .kt-inside-inner-col{flex-direction:column;justify-content:flex-start;}.kadence-column91_f5d426-dd > .kt-inside-inner-col > .aligncenter{width:100%;}.kt-row-column-wrap > .kadence-column91_f5d426-dd{align-self:flex-start;}.kt-inner-column-height-full:not(.kt-has-1-columns) > .wp-block-kadence-column.kadence-column91_f5d426-dd{align-self:auto;}.kt-inner-column-height-full:not(.kt-has-1-columns) > .wp-block-kadence-column.kadence-column91_f5d426-dd > .kt-inside-inner-col{flex-direction:column;justify-content:flex-start;}.kadence-column91_f5d426-dd > .kt-inside-inner-col:before{opacity:0.3;}.kadence-column91_f5d426-dd{position:relative;}@media all and (max-width: 1024px){.kadence-column91_f5d426-dd > .kt-inside-inner-col{padding-right:var(--global-kb-spacing-xs, 1rem);padding-left:var(--global-kb-spacing-xs, 1rem);flex-direction:column;justify-content:flex-start;}}@media all and (max-width: 1024px){.kt-row-column-wrap > .kadence-column91_f5d426-dd{align-self:flex-start;}}@media all and (max-width: 1024px){.kt-inner-column-height-full:not(.kt-has-1-columns) > .wp-block-kadence-column.kadence-column91_f5d426-dd{align-self:auto;}}@media all and (max-width: 1024px){.kt-inner-column-height-full:not(.kt-has-1-columns) > .wp-block-kadence-column.kadence-column91_f5d426-dd > .kt-inside-inner-col{flex-direction:column;justify-content:flex-start;}}@media all and (max-width: 767px){.kadence-column91_f5d426-dd > .kt-inside-inner-col{padding-top:var(--global-kb-spacing-md, 2rem);padding-bottom:var(--global-kb-spacing-md, 2rem);flex-direction:column;justify-content:flex-start;}.kt-row-column-wrap > .kadence-column91_f5d426-dd{align-self:flex-start;}.kt-inner-column-height-full:not(.kt-has-1-columns) > .wp-block-kadence-column.kadence-column91_f5d426-dd{align-self:auto;}.kt-inner-column-height-full:not(.kt-has-1-columns) > .wp-block-kadence-column.kadence-column91_f5d426-dd > .kt-inside-inner-col{flex-direction:column;justify-content:flex-start;}}<\/style>\n<div class=\"wp-block-kadence-column kadence-column91_f5d426-dd\"><div class=\"kt-inside-inner-col\"><style>.wp-block-kadence-advancedheading.kt-adv-heading91_9fe6cf-e7, .wp-block-kadence-advancedheading.kt-adv-heading91_9fe6cf-e7[data-kb-block=\"kb-adv-heading91_9fe6cf-e7\"]{margin-top:0px;margin-bottom:0px;font-size:var(--global-kb-font-size-md, 1.25rem);font-style:normal;}.wp-block-kadence-advancedheading.kt-adv-heading91_9fe6cf-e7 mark.kt-highlight, .wp-block-kadence-advancedheading.kt-adv-heading91_9fe6cf-e7[data-kb-block=\"kb-adv-heading91_9fe6cf-e7\"] mark.kt-highlight{font-style:normal;color:#f76a0c;-webkit-box-decoration-break:clone;box-decoration-break:clone;padding-top:0px;padding-right:0px;padding-bottom:0px;padding-left:0px;}.wp-block-kadence-advancedheading.kt-adv-heading91_9fe6cf-e7 img.kb-inline-image, .wp-block-kadence-advancedheading.kt-adv-heading91_9fe6cf-e7[data-kb-block=\"kb-adv-heading91_9fe6cf-e7\"] img.kb-inline-image{width:150px;vertical-align:baseline;}@media all and (max-width: 767px){.wp-block-kadence-advancedheading.kt-adv-heading91_9fe6cf-e7, .wp-block-kadence-advancedheading.kt-adv-heading91_9fe6cf-e7[data-kb-block=\"kb-adv-heading91_9fe6cf-e7\"]{font-size:var(--global-kb-font-size-md, 1.25rem);}}<\/style>\n<p class=\"kt-adv-heading91_9fe6cf-e7 wp-block-kadence-advancedheading\" data-kb-block=\"kb-adv-heading91_9fe6cf-e7\">Susitikimo metu tur\u0117si galimyb\u0119 patirti ir i\u0161girsti daugel\u012f garso terapijoje naudojam\u0173 muzikini\u0173 instrument\u0173. Toki\u0173 kaip: Gongai, didysis \u0161amani\u0161kas Saul\u0117s b\u016bgnas (1,6m), Kri\u0161toliniai bei skambantys Tibeto dubenys, Vandenyno b\u016bgnas, \u0160rutis, v\u0117jo varpeliai ir begal\u0119 kit\u0173, galb\u016bt tau dar nematyt\u0173 studijoje esam\u0173 instrument\u0173. Visais jais gal\u0117si pagroti, patirti j\u0173 skleid\u017eiamas vibracijas ir jei panor\u0117si &#8211; kartu sukurti tikr\u0105 garso pasak\u0105.<\/p>\n<\/div><\/div>\n\n<\/div><\/div>\n\n<style>.kb-row-layout-id91_8033bf-b5 > .kt-row-column-wrap{align-content:start;}:where(.kb-row-layout-id91_8033bf-b5 > .kt-row-column-wrap) > .wp-block-kadence-column{justify-content:start;}.kb-row-layout-id91_8033bf-b5 > .kt-row-column-wrap{column-gap:var(--global-kb-gap-md, 2rem);row-gap:var(--global-kb-gap-md, 2rem);padding-top:var(--global-kb-spacing-sm, 1.5rem);padding-bottom:var(--global-kb-spacing-sm, 1.5rem);grid-template-columns:minmax(0, 1fr);}.kb-row-layout-id91_8033bf-b5 > .kt-row-layout-overlay{opacity:0.30;}@media all and (max-width: 1024px){.kb-row-layout-id91_8033bf-b5 > .kt-row-column-wrap{grid-template-columns:minmax(0, 1fr);}}@media all and (max-width: 767px){.kb-row-layout-id91_8033bf-b5 > .kt-row-column-wrap{grid-template-columns:minmax(0, 1fr);}}<\/style><div class=\"kb-row-layout-wrap kb-row-layout-id91_8033bf-b5 alignnone wp-block-kadence-rowlayout\"><div class=\"kt-row-column-wrap kt-has-1-columns kt-row-layout-equal kt-tab-layout-inherit kt-mobile-layout-row kt-row-valign-top\">\n<style>.kadence-column91_a127ec-fb > .kt-inside-inner-col,.kadence-column91_a127ec-fb > .kt-inside-inner-col:before{border-top-left-radius:0px;border-top-right-radius:0px;border-bottom-right-radius:0px;border-bottom-left-radius:0px;}.kadence-column91_a127ec-fb > .kt-inside-inner-col{column-gap:var(--global-kb-gap-sm, 1rem);}.kadence-column91_a127ec-fb > .kt-inside-inner-col{flex-direction:column;}.kadence-column91_a127ec-fb > .kt-inside-inner-col > .aligncenter{width:100%;}.kadence-column91_a127ec-fb > .kt-inside-inner-col:before{opacity:0.3;}.kadence-column91_a127ec-fb{position:relative;}@media all and (max-width: 1024px){.kadence-column91_a127ec-fb > .kt-inside-inner-col{flex-direction:column;justify-content:center;}}@media all and (max-width: 767px){.kadence-column91_a127ec-fb > .kt-inside-inner-col{flex-direction:column;justify-content:center;}}<\/style>\n<div class=\"wp-block-kadence-column kadence-column91_a127ec-fb\"><div class=\"kt-inside-inner-col\"><style>.wp-block-kadence-advancedheading.kt-adv-heading91_fce9e7-2a, .wp-block-kadence-advancedheading.kt-adv-heading91_fce9e7-2a[data-kb-block=\"kb-adv-heading91_fce9e7-2a\"]{margin-top:0px;margin-bottom:0px;text-align:center;font-size:var(--global-kb-font-size-md, 1.25rem);font-style:normal;}.wp-block-kadence-advancedheading.kt-adv-heading91_fce9e7-2a mark.kt-highlight, .wp-block-kadence-advancedheading.kt-adv-heading91_fce9e7-2a[data-kb-block=\"kb-adv-heading91_fce9e7-2a\"] mark.kt-highlight{font-style:normal;color:#f76a0c;-webkit-box-decoration-break:clone;box-decoration-break:clone;padding-top:0px;padding-right:0px;padding-bottom:0px;padding-left:0px;}.wp-block-kadence-advancedheading.kt-adv-heading91_fce9e7-2a img.kb-inline-image, .wp-block-kadence-advancedheading.kt-adv-heading91_fce9e7-2a[data-kb-block=\"kb-adv-heading91_fce9e7-2a\"] img.kb-inline-image{width:150px;vertical-align:baseline;}@media all and (max-width: 767px){.wp-block-kadence-advancedheading.kt-adv-heading91_fce9e7-2a, .wp-block-kadence-advancedheading.kt-adv-heading91_fce9e7-2a[data-kb-block=\"kb-adv-heading91_fce9e7-2a\"]{padding-bottom:var(--global-kb-spacing-sm, 1.5rem);font-size:var(--global-kb-font-size-md, 1.25rem);}}<\/style>\n<p class=\"kt-adv-heading91_fce9e7-2a wp-block-kadence-advancedheading\" data-kb-block=\"kb-adv-heading91_fce9e7-2a\"><strong>U\u017esi\u0117mimo trukm\u0117: 2h<\/strong><\/p>\n\n\n<style>.wp-block-kadence-advancedheading.kt-adv-heading91_7c5894-12, .wp-block-kadence-advancedheading.kt-adv-heading91_7c5894-12[data-kb-block=\"kb-adv-heading91_7c5894-12\"]{margin-top:0px;margin-bottom:0px;text-align:center;font-size:var(--global-kb-font-size-md, 1.25rem);font-style:normal;}.wp-block-kadence-advancedheading.kt-adv-heading91_7c5894-12 mark.kt-highlight, .wp-block-kadence-advancedheading.kt-adv-heading91_7c5894-12[data-kb-block=\"kb-adv-heading91_7c5894-12\"] mark.kt-highlight{font-style:normal;color:#f76a0c;-webkit-box-decoration-break:clone;box-decoration-break:clone;padding-top:0px;padding-right:0px;padding-bottom:0px;padding-left:0px;}.wp-block-kadence-advancedheading.kt-adv-heading91_7c5894-12 img.kb-inline-image, .wp-block-kadence-advancedheading.kt-adv-heading91_7c5894-12[data-kb-block=\"kb-adv-heading91_7c5894-12\"] img.kb-inline-image{width:150px;vertical-align:baseline;}@media all and (max-width: 767px){.wp-block-kadence-advancedheading.kt-adv-heading91_7c5894-12, .wp-block-kadence-advancedheading.kt-adv-heading91_7c5894-12[data-kb-block=\"kb-adv-heading91_7c5894-12\"]{padding-bottom:var(--global-kb-spacing-md, 2rem);font-size:var(--global-kb-font-size-md, 1.25rem);}}<\/style>\n<p class=\"kt-adv-heading91_7c5894-12 wp-block-kadence-advancedheading\" data-kb-block=\"kb-adv-heading91_7c5894-12\">U\u017esi\u0117mimas vedamas grup\u0117ms nuo 6 \u017emoni\u0173 \/ Kaina: 22Eurai \u017emogui.<\/p>\n\n\n<style>.wp-block-kadence-advancedheading.kt-adv-heading91_c7caff-a5, .wp-block-kadence-advancedheading.kt-adv-heading91_c7caff-a5[data-kb-block=\"kb-adv-heading91_c7caff-a5\"]{margin-top:0px;margin-bottom:40px;text-align:center;font-size:var(--global-kb-font-size-md, 1.25rem);font-style:normal;}.wp-block-kadence-advancedheading.kt-adv-heading91_c7caff-a5 mark.kt-highlight, .wp-block-kadence-advancedheading.kt-adv-heading91_c7caff-a5[data-kb-block=\"kb-adv-heading91_c7caff-a5\"] mark.kt-highlight{font-style:normal;color:#f76a0c;-webkit-box-decoration-break:clone;box-decoration-break:clone;padding-top:0px;padding-right:0px;padding-bottom:0px;padding-left:0px;}.wp-block-kadence-advancedheading.kt-adv-heading91_c7caff-a5 img.kb-inline-image, .wp-block-kadence-advancedheading.kt-adv-heading91_c7caff-a5[data-kb-block=\"kb-adv-heading91_c7caff-a5\"] img.kb-inline-image{width:150px;vertical-align:baseline;}@media all and (max-width: 767px){.wp-block-kadence-advancedheading.kt-adv-heading91_c7caff-a5, .wp-block-kadence-advancedheading.kt-adv-heading91_c7caff-a5[data-kb-block=\"kb-adv-heading91_c7caff-a5\"]{font-size:var(--global-kb-font-size-md, 1.25rem);}}<\/style>\n<p class=\"kt-adv-heading91_c7caff-a5 wp-block-kadence-advancedheading\" data-kb-block=\"kb-adv-heading91_c7caff-a5\"><strong>B\u016btina i\u0161ankstin\u0117 registracija!<\/strong><\/p>\n\n\n<style>.wp-block-kadence-advancedbtn.kb-btns91_bda6fa-5b{padding-bottom:var(--global-kb-spacing-lg, 3rem);gap:var(--global-kb-gap-xs, 0.5rem );justify-content:center;align-items:center;}.kt-btns91_bda6fa-5b .kt-button{font-weight:normal;font-style:normal;}.kt-btns91_bda6fa-5b .kt-btn-wrap-0{margin-right:5px;}.wp-block-kadence-advancedbtn.kt-btns91_bda6fa-5b .kt-btn-wrap-0 .kt-button{color:#555555;border-color:#555555;}.wp-block-kadence-advancedbtn.kt-btns91_bda6fa-5b .kt-btn-wrap-0 .kt-button:hover, .wp-block-kadence-advancedbtn.kt-btns91_bda6fa-5b .kt-btn-wrap-0 .kt-button:focus{color:#ffffff;border-color:#444444;}.wp-block-kadence-advancedbtn.kt-btns91_bda6fa-5b .kt-btn-wrap-0 .kt-button::before{display:none;}.wp-block-kadence-advancedbtn.kt-btns91_bda6fa-5b .kt-btn-wrap-0 .kt-button:hover, .wp-block-kadence-advancedbtn.kt-btns91_bda6fa-5b .kt-btn-wrap-0 .kt-button:focus{background:#444444;}<\/style>\n<div class=\"wp-block-kadence-advancedbtn kb-buttons-wrap kb-btns91_bda6fa-5b\"><style>ul.menu .wp-block-kadence-advancedbtn .kb-btn91_9f6b1f-fd.kb-button{width:initial;}<\/style><a class=\"kb-button kt-button button kb-btn91_9f6b1f-fd kt-btn-size-standard kt-btn-width-type-auto kb-btn-global-inherit  kt-btn-has-text-true kt-btn-has-svg-true  wp-block-button__link wp-block-kadence-singlebtn\" href=\"https:\/\/skambantierdve.lt\/produktas\/edukacinis-uzsiemimas-garso-pasaulis\/\"><span class=\"kt-btn-inner-text\">U\u017esakyti <\/span><span class=\"kb-svg-icon-wrap kb-svg-icon-fe_arrowUpRight kt-btn-icon-side-right\"><svg viewBox=\"0 0 24 24\"  fill=\"none\" stroke=\"currentColor\" stroke-width=\"2\" stroke-linecap=\"round\" stroke-linejoin=\"round\" xmlns=\"http:\/\/www.w3.org\/2000\/svg\"  aria-hidden=\"true\"><line x1=\"7\" y1=\"17\" x2=\"17\" y2=\"7\"\/><polyline points=\"7 7 17 7 17 17\"\/><\/svg><\/span><\/a><\/div>\n\n\n<style>.wp-block-kadence-advancedheading.kt-adv-heading91_5f2d38-23, .wp-block-kadence-advancedheading.kt-adv-heading91_5f2d38-23[data-kb-block=\"kb-adv-heading91_5f2d38-23\"]{margin-top:0px;margin-bottom:0px;text-align:center;font-size:var(--global-kb-font-size-md, 1.25rem);font-style:normal;}.wp-block-kadence-advancedheading.kt-adv-heading91_5f2d38-23 mark.kt-highlight, .wp-block-kadence-advancedheading.kt-adv-heading91_5f2d38-23[data-kb-block=\"kb-adv-heading91_5f2d38-23\"] mark.kt-highlight{font-style:normal;color:#f76a0c;-webkit-box-decoration-break:clone;box-decoration-break:clone;padding-top:0px;padding-right:0px;padding-bottom:0px;padding-left:0px;}.wp-block-kadence-advancedheading.kt-adv-heading91_5f2d38-23 img.kb-inline-image, .wp-block-kadence-advancedheading.kt-adv-heading91_5f2d38-23[data-kb-block=\"kb-adv-heading91_5f2d38-23\"] img.kb-inline-image{width:150px;vertical-align:baseline;}@media all and (max-width: 767px){.wp-block-kadence-advancedheading.kt-adv-heading91_5f2d38-23, .wp-block-kadence-advancedheading.kt-adv-heading91_5f2d38-23[data-kb-block=\"kb-adv-heading91_5f2d38-23\"]{font-size:var(--global-kb-font-size-md, 1.25rem);}}<\/style>\n<p class=\"kt-adv-heading91_5f2d38-23 wp-block-kadence-advancedheading\" data-kb-block=\"kb-adv-heading91_5f2d38-23\">Turite klausim\u0173? Susisiekite su manimi ir a\u0161 mielai \u012f juos atsakysiu.<\/p>\n\n\n<style>.wp-block-kadence-advancedheading.kt-adv-heading91_daaae2-95, .wp-block-kadence-advancedheading.kt-adv-heading91_daaae2-95[data-kb-block=\"kb-adv-heading91_daaae2-95\"]{margin-top:0px;margin-bottom:0px;text-align:center;font-size:var(--global-kb-font-size-md, 1.25rem);font-style:normal;}.wp-block-kadence-advancedheading.kt-adv-heading91_daaae2-95 mark.kt-highlight, .wp-block-kadence-advancedheading.kt-adv-heading91_daaae2-95[data-kb-block=\"kb-adv-heading91_daaae2-95\"] mark.kt-highlight{font-style:normal;color:#f76a0c;-webkit-box-decoration-break:clone;box-decoration-break:clone;padding-top:0px;padding-right:0px;padding-bottom:0px;padding-left:0px;}.wp-block-kadence-advancedheading.kt-adv-heading91_daaae2-95 img.kb-inline-image, .wp-block-kadence-advancedheading.kt-adv-heading91_daaae2-95[data-kb-block=\"kb-adv-heading91_daaae2-95\"] img.kb-inline-image{width:150px;vertical-align:baseline;}@media all and (max-width: 767px){.wp-block-kadence-advancedheading.kt-adv-heading91_daaae2-95, .wp-block-kadence-advancedheading.kt-adv-heading91_daaae2-95[data-kb-block=\"kb-adv-heading91_daaae2-95\"]{font-size:var(--global-kb-font-size-md, 1.25rem);}}<\/style>\n<p class=\"kt-adv-heading91_daaae2-95 wp-block-kadence-advancedheading\" data-kb-block=\"kb-adv-heading91_daaae2-95\"><a href=\"tel:+370 614 74694\">+370 614 74694<\/a> &nbsp; &nbsp; | &nbsp; &nbsp;<a href=\"mailto:sonata@skambantierdve.lt\">sonata@skambantierdve.lt<\/a><\/p>\n<\/div><\/div>\n\n<\/div><\/div>","protected":false},"excerpt":{"rendered":"<p>Edukacinis u\u017esi\u0117mimas \u201eGarso pasaulis\u201c Susitikimo metu tur\u0117si galimyb\u0119 patirti ir i\u0161girsti daugel\u012f garso terapijoje naudojam\u0173 muzikini\u0173 instrument\u0173. Toki\u0173 kaip: Gongai, didysis \u0161amani\u0161kas Saul\u0117s b\u016bgnas (1,6m), Kri\u0161toliniai bei skambantys Tibeto dubenys, [&hellip;]<\/p>\n","protected":false},"author":2,"featured_media":0,"parent":162,"menu_order":0,"comment_status":"closed","ping_status":"closed","template":"","meta":{"_acf_changed":false,"_kad_blocks_custom_css":"","_kad_blocks_head_custom_js":"","_kad_blocks_body_custom_js":"","_kad_blocks_footer_custom_js":"","footnotes":""},"class_list":["post-91","page","type-page","status-publish","hentry"],"blocksy_meta":{"has_hero_section":"disabled","styles_descriptor":{"styles":{"desktop":"","tablet":"","mobile":""},"google_fonts":[],"version":6}},"acf":[],"taxonomy_info":[],"featured_image_src_large":false,"author_info":{"display_name":"agneisk","author_link":"https:\/\/skambantierdve.lt\/en\/author\/agneisk\/"},"comment_info":0,"_links":{"self":[{"href":"https:\/\/skambantierdve.lt\/en\/wp-json\/wp\/v2\/pages\/91","targetHints":{"allow":["GET"]}}],"collection":[{"href":"https:\/\/skambantierdve.lt\/en\/wp-json\/wp\/v2\/pages"}],"about":[{"href":"https:\/\/skambantierdve.lt\/en\/wp-json\/wp\/v2\/types\/page"}],"author":[{"embeddable":true,"href":"https:\/\/skambantierdve.lt\/en\/wp-json\/wp\/v2\/users\/2"}],"replies":[{"embeddable":true,"href":"https:\/\/skambantierdve.lt\/en\/wp-json\/wp\/v2\/comments?post=91"}],"version-history":[{"count":9,"href":"https:\/\/skambantierdve.lt\/en\/wp-json\/wp\/v2\/pages\/91\/revisions"}],"predecessor-version":[{"id":526,"href":"https:\/\/skambantierdve.lt\/en\/wp-json\/wp\/v2\/pages\/91\/revisions\/526"}],"up":[{"embeddable":true,"href":"https:\/\/skambantierdve.lt\/en\/wp-json\/wp\/v2\/pages\/162"}],"wp:attachment":[{"href":"https:\/\/skambantierdve.lt\/en\/wp-json\/wp\/v2\/media?parent=91"}],"curies":[{"name":"wp","href":"https:\/\/api.w.org\/{rel}","templated":true}]}}