{"id":100,"date":"2024-04-29T09:44:16","date_gmt":"2024-04-29T09:44:16","guid":{"rendered":"https:\/\/skambantierdve.lt\/?page_id=100"},"modified":"2026-04-13T08:37:20","modified_gmt":"2026-04-13T08:37:20","slug":"harmonizuojanti-garso-meditacija-su-kristalais","status":"publish","type":"page","link":"https:\/\/skambantierdve.lt\/en\/paslaugos\/harmonizuojanti-garso-meditacija-su-kristalais\/","title":{"rendered":"Harmonizuojanti garso meditacija su kristalais"},"content":{"rendered":"<style>.kb-row-layout-id100_47af11-0d > .kt-row-column-wrap{align-content:start;}:where(.kb-row-layout-id100_47af11-0d > .kt-row-column-wrap) > .wp-block-kadence-column{justify-content:start;}.kb-row-layout-id100_47af11-0d > .kt-row-column-wrap{column-gap:var(--global-kb-gap-md, 2rem);row-gap:var(--global-kb-gap-md, 2rem);padding-top:var(--global-kb-spacing-sm, 1.5rem);padding-bottom:var(--global-kb-spacing-xl, 4rem);grid-template-columns:minmax(0, 1fr);}.kb-row-layout-id100_47af11-0d > .kt-row-layout-overlay{opacity:0.30;}@media all and (max-width: 1024px){.kb-row-layout-id100_47af11-0d > .kt-row-column-wrap{grid-template-columns:minmax(0, 1fr);}}@media all and (max-width: 767px){.kb-row-layout-id100_47af11-0d > .kt-row-column-wrap{padding-bottom:var(--global-kb-spacing-md, 2rem);grid-template-columns:minmax(0, 1fr);}}<\/style><div class=\"kb-row-layout-wrap kb-row-layout-id100_47af11-0d alignnone wp-block-kadence-rowlayout\"><div class=\"kt-row-column-wrap kt-has-1-columns kt-row-layout-equal kt-tab-layout-inherit kt-mobile-layout-row kt-row-valign-top\">\n<style>.kadence-column100_104dfd-b0 > .kt-inside-inner-col,.kadence-column100_104dfd-b0 > .kt-inside-inner-col:before{border-top-left-radius:0px;border-top-right-radius:0px;border-bottom-right-radius:0px;border-bottom-left-radius:0px;}.kadence-column100_104dfd-b0 > .kt-inside-inner-col{column-gap:var(--global-kb-gap-sm, 1rem);}.kadence-column100_104dfd-b0 > .kt-inside-inner-col{flex-direction:column;}.kadence-column100_104dfd-b0 > .kt-inside-inner-col > .aligncenter{width:100%;}.kadence-column100_104dfd-b0 > .kt-inside-inner-col:before{opacity:0.3;}.kadence-column100_104dfd-b0{position:relative;}@media all and (max-width: 1024px){.kadence-column100_104dfd-b0 > .kt-inside-inner-col{flex-direction:column;justify-content:center;}}@media all and (max-width: 767px){.kadence-column100_104dfd-b0 > .kt-inside-inner-col{flex-direction:column;justify-content:center;}}<\/style>\n<div class=\"wp-block-kadence-column kadence-column100_104dfd-b0\"><div class=\"kt-inside-inner-col\"><style>.wp-block-kadence-advancedheading.kt-adv-heading100_b75484-4c, .wp-block-kadence-advancedheading.kt-adv-heading100_b75484-4c[data-kb-block=\"kb-adv-heading100_b75484-4c\"]{padding-top:var(--global-kb-spacing-md, 2rem);text-align:center;font-size:48px;font-style:normal;}.wp-block-kadence-advancedheading.kt-adv-heading100_b75484-4c mark.kt-highlight, .wp-block-kadence-advancedheading.kt-adv-heading100_b75484-4c[data-kb-block=\"kb-adv-heading100_b75484-4c\"] mark.kt-highlight{font-style:normal;color:#f76a0c;-webkit-box-decoration-break:clone;box-decoration-break:clone;padding-top:0px;padding-right:0px;padding-bottom:0px;padding-left:0px;}.wp-block-kadence-advancedheading.kt-adv-heading100_b75484-4c img.kb-inline-image, .wp-block-kadence-advancedheading.kt-adv-heading100_b75484-4c[data-kb-block=\"kb-adv-heading100_b75484-4c\"] img.kb-inline-image{width:150px;vertical-align:baseline;}@media all and (max-width: 767px){.wp-block-kadence-advancedheading.kt-adv-heading100_b75484-4c, .wp-block-kadence-advancedheading.kt-adv-heading100_b75484-4c[data-kb-block=\"kb-adv-heading100_b75484-4c\"]{font-size:var(--global-kb-font-size-lg, 2rem);}}<\/style>\n<h1 class=\"kt-adv-heading100_b75484-4c wp-block-kadence-advancedheading has-palette-color-11-color has-text-color\" data-kb-block=\"kb-adv-heading100_b75484-4c\">Harmonizuojanti garso meditacija su kristalais<\/h1>\n<\/div><\/div>\n\n<\/div><\/div>\n\n<style>.kb-row-layout-wrap.wp-block-kadence-rowlayout.kb-row-layout-id100_f5fc12-3e{margin-top:0px;margin-bottom:0px;}.kb-row-layout-id100_f5fc12-3e > .kt-row-column-wrap{align-content:start;}:where(.kb-row-layout-id100_f5fc12-3e > .kt-row-column-wrap) > .wp-block-kadence-column{justify-content:start;}.kb-row-layout-id100_f5fc12-3e > .kt-row-column-wrap{column-gap:var(--global-kb-gap-none, 0rem );row-gap:var(--global-kb-gap-none, 0rem );max-width:1440px;min-height:400px;grid-template-columns:minmax(0, calc(50% - ((var(--global-kb-gap-none, 0rem ) * 1 )\/2)))minmax(0, calc(50% - ((var(--global-kb-gap-none, 0rem ) * 1 )\/2)));}.kb-row-layout-id100_f5fc12-3e > .kt-row-layout-overlay{opacity:0.30;}@media all and (max-width: 1024px){.kb-row-layout-id100_f5fc12-3e > .kt-row-column-wrap{padding-right:0px;padding-left:0px;grid-template-columns:repeat(2, minmax(0, 1fr));}}@media all and (max-width: 767px){.kb-row-layout-id100_f5fc12-3e > .kt-row-column-wrap{grid-template-columns:minmax(0, 1fr);}.kb-row-layout-id100_f5fc12-3e > .kt-row-column-wrap > .wp-block-kadence-column:nth-child(1 of *:not(style)){order:2;}.kb-row-layout-id100_f5fc12-3e > .kt-row-column-wrap > .wp-block-kadence-column:nth-child(2 of *:not(style)){order:1;}.kb-row-layout-id100_f5fc12-3e > .kt-row-column-wrap > .wp-block-kadence-column:nth-child(3 of *:not(style)){order:12;}.kb-row-layout-id100_f5fc12-3e > .kt-row-column-wrap > .wp-block-kadence-column:nth-child(4 of *:not(style)){order:11;}.kb-row-layout-id100_f5fc12-3e > .kt-row-column-wrap > .wp-block-kadence-column:nth-child(5 of *:not(style)){order:22;}.kb-row-layout-id100_f5fc12-3e > .kt-row-column-wrap > .wp-block-kadence-column:nth-child(6 of *:not(style)){order:21;}.kb-row-layout-id100_f5fc12-3e > .kt-row-column-wrap > .wp-block-kadence-column:nth-child(7 of *:not(style)){order:32;}.kb-row-layout-id100_f5fc12-3e > .kt-row-column-wrap > .wp-block-kadence-column:nth-child(8 of *:not(style)){order:31;}}<\/style><div class=\"kb-row-layout-wrap kb-row-layout-id100_f5fc12-3e alignfull wp-block-kadence-rowlayout\"><div class=\"kt-row-column-wrap kt-has-2-columns kt-row-layout-equal kt-tab-layout-inherit kt-mobile-layout-row kt-row-valign-top kb-theme-content-width\">\n<style>.kadence-column100_23fa37-47 > .kt-inside-inner-col{display:flex;}.kadence-column100_23fa37-47 > .kt-inside-inner-col{min-height:600px;}.kadence-column100_23fa37-47 > .kt-inside-inner-col,.kadence-column100_23fa37-47 > .kt-inside-inner-col:before{border-top-left-radius:0px;border-top-right-radius:0px;border-bottom-right-radius:0px;border-bottom-left-radius:0px;}.kadence-column100_23fa37-47 > .kt-inside-inner-col{column-gap:var(--global-kb-gap-sm, 1rem);}.kadence-column100_23fa37-47 > .kt-inside-inner-col{flex-direction:column;justify-content:flex-start;}.kadence-column100_23fa37-47 > .kt-inside-inner-col > .aligncenter{width:100%;}.kt-row-column-wrap > .kadence-column100_23fa37-47{align-self:flex-start;}.kt-inner-column-height-full:not(.kt-has-1-columns) > .wp-block-kadence-column.kadence-column100_23fa37-47{align-self:auto;}.kt-inner-column-height-full:not(.kt-has-1-columns) > .wp-block-kadence-column.kadence-column100_23fa37-47 > .kt-inside-inner-col{flex-direction:column;justify-content:flex-start;}.kadence-column100_23fa37-47 > .kt-inside-inner-col{background-image:url('https:\/\/skambantierdve.lt\/wp-content\/uploads\/2024\/04\/kristalai-terapija-gongas-gydantys-akmenys.jpg');background-size:cover;background-position:49% 57.99999999999999%;background-attachment:scroll;background-repeat:no-repeat;}.kadence-column100_23fa37-47 > .kt-inside-inner-col:before{opacity:0.3;}.kadence-column100_23fa37-47{position:relative;}@media all and (max-width: 1024px){.kadence-column100_23fa37-47 > .kt-inside-inner-col{min-height:450px;flex-direction:column;justify-content:flex-start;}}@media all and (max-width: 1024px){.kt-row-column-wrap > .kadence-column100_23fa37-47{align-self:flex-start;}}@media all and (max-width: 1024px){.kt-inner-column-height-full:not(.kt-has-1-columns) > .wp-block-kadence-column.kadence-column100_23fa37-47{align-self:auto;}}@media all and (max-width: 1024px){.kt-inner-column-height-full:not(.kt-has-1-columns) > .wp-block-kadence-column.kadence-column100_23fa37-47 > .kt-inside-inner-col{flex-direction:column;justify-content:flex-start;}}@media all and (max-width: 767px){.kt-row-column-wrap > .kadence-column100_23fa37-47{align-self:flex-start;}.kt-inner-column-height-full:not(.kt-has-1-columns) > .wp-block-kadence-column.kadence-column100_23fa37-47{align-self:auto;}.kt-inner-column-height-full:not(.kt-has-1-columns) > .wp-block-kadence-column.kadence-column100_23fa37-47 > .kt-inside-inner-col{flex-direction:column;justify-content:flex-start;}.kadence-column100_23fa37-47 > .kt-inside-inner-col{flex-direction:column;justify-content:flex-start;}}<\/style>\n<div class=\"wp-block-kadence-column kadence-column100_23fa37-47\"><div class=\"kt-inside-inner-col\"><\/div><\/div>\n\n\n<style>.kadence-column100_eba05d-3c > .kt-inside-inner-col{display:flex;}.kadence-column100_eba05d-3c > .kt-inside-inner-col{padding-right:var(--global-kb-spacing-xl, 4rem);padding-left:var(--global-kb-spacing-xl, 4rem);}.kadence-column100_eba05d-3c > .kt-inside-inner-col,.kadence-column100_eba05d-3c > .kt-inside-inner-col:before{border-top-left-radius:0px;border-top-right-radius:0px;border-bottom-right-radius:0px;border-bottom-left-radius:0px;}.kadence-column100_eba05d-3c > .kt-inside-inner-col{column-gap:var(--global-kb-gap-sm, 1rem);}.kadence-column100_eba05d-3c > .kt-inside-inner-col{flex-direction:column;justify-content:center;}.kadence-column100_eba05d-3c > .kt-inside-inner-col > .aligncenter{width:100%;}.kt-row-column-wrap > .kadence-column100_eba05d-3c{align-self:center;}.kt-inner-column-height-full:not(.kt-has-1-columns) > .wp-block-kadence-column.kadence-column100_eba05d-3c{align-self:auto;}.kt-inner-column-height-full:not(.kt-has-1-columns) > .wp-block-kadence-column.kadence-column100_eba05d-3c > .kt-inside-inner-col{flex-direction:column;justify-content:center;}.kadence-column100_eba05d-3c > .kt-inside-inner-col:before{opacity:0.3;}.kadence-column100_eba05d-3c{position:relative;}@media all and (max-width: 1024px){.kadence-column100_eba05d-3c > .kt-inside-inner-col{padding-right:var(--global-kb-spacing-xs, 1rem);padding-left:var(--global-kb-spacing-xs, 1rem);flex-direction:column;justify-content:center;}}@media all and (max-width: 1024px){.kt-row-column-wrap > .kadence-column100_eba05d-3c{align-self:center;}}@media all and (max-width: 1024px){.kt-inner-column-height-full:not(.kt-has-1-columns) > .wp-block-kadence-column.kadence-column100_eba05d-3c{align-self:auto;}}@media all and (max-width: 1024px){.kt-inner-column-height-full:not(.kt-has-1-columns) > .wp-block-kadence-column.kadence-column100_eba05d-3c > .kt-inside-inner-col{flex-direction:column;justify-content:center;}}@media all and (max-width: 767px){.kadence-column100_eba05d-3c > .kt-inside-inner-col{padding-top:var(--global-kb-spacing-md, 2rem);padding-bottom:var(--global-kb-spacing-md, 2rem);flex-direction:column;justify-content:center;}.kt-row-column-wrap > .kadence-column100_eba05d-3c{align-self:center;}.kt-inner-column-height-full:not(.kt-has-1-columns) > .wp-block-kadence-column.kadence-column100_eba05d-3c{align-self:auto;}.kt-inner-column-height-full:not(.kt-has-1-columns) > .wp-block-kadence-column.kadence-column100_eba05d-3c > .kt-inside-inner-col{flex-direction:column;justify-content:center;}}<\/style>\n<div class=\"wp-block-kadence-column kadence-column100_eba05d-3c\"><div class=\"kt-inside-inner-col\"><style>.wp-block-kadence-advancedheading.kt-adv-heading100_b5b6a6-a6, .wp-block-kadence-advancedheading.kt-adv-heading100_b5b6a6-a6[data-kb-block=\"kb-adv-heading100_b5b6a6-a6\"]{font-size:var(--global-kb-font-size-md, 1.25rem);font-style:normal;}.wp-block-kadence-advancedheading.kt-adv-heading100_b5b6a6-a6 mark.kt-highlight, .wp-block-kadence-advancedheading.kt-adv-heading100_b5b6a6-a6[data-kb-block=\"kb-adv-heading100_b5b6a6-a6\"] mark.kt-highlight{font-style:normal;color:#f76a0c;-webkit-box-decoration-break:clone;box-decoration-break:clone;padding-top:0px;padding-right:0px;padding-bottom:0px;padding-left:0px;}.wp-block-kadence-advancedheading.kt-adv-heading100_b5b6a6-a6 img.kb-inline-image, .wp-block-kadence-advancedheading.kt-adv-heading100_b5b6a6-a6[data-kb-block=\"kb-adv-heading100_b5b6a6-a6\"] img.kb-inline-image{width:150px;vertical-align:baseline;}@media all and (max-width: 767px){.wp-block-kadence-advancedheading.kt-adv-heading100_b5b6a6-a6, .wp-block-kadence-advancedheading.kt-adv-heading100_b5b6a6-a6[data-kb-block=\"kb-adv-heading100_b5b6a6-a6\"]{font-size:var(--global-kb-font-size-md, 1.25rem);}}<\/style>\n<p class=\"kt-adv-heading100_b5b6a6-a6 wp-block-kadence-advancedheading\" data-kb-block=\"kb-adv-heading100_b5b6a6-a6\">Sesijos metu pakviesiu tave patogiai atsigulti ant \u010diu\u017einuko ir tiesiog atsipalaiduoti. Parinksiu tau tinkamus kristalus, atsi\u017evelgdama \u012f tavo poreikius. Kristalai gali b\u016bti dedami ant k\u016bno arba aplink j\u012f, siekiant leisti j\u0173 energijai veikti tavo energetin\u012f lauk\u0105.<br>Kristal\u0173 terapijos seans\u0105 papildys skaidr\u016bs ir \u0161vies\u016bs kri\u0161tolini\u0173 duben\u0173 garsai, \u0161velnus ko\u0161i varpeli\u0173 skambesys, bei gilus ir atpalaiduojantis skamban\u010di\u0173 Tibeto duben\u0173 garsas.<\/p>\n<\/div><\/div>\n\n<\/div><\/div>\n\n<style>.kb-row-layout-id100_9af078-8b > .kt-row-column-wrap{align-content:start;}:where(.kb-row-layout-id100_9af078-8b > .kt-row-column-wrap) > .wp-block-kadence-column{justify-content:start;}.kb-row-layout-id100_9af078-8b > .kt-row-column-wrap{column-gap:var(--global-kb-gap-md, 2rem);row-gap:var(--global-kb-gap-md, 2rem);padding-top:var(--global-kb-spacing-sm, 1.5rem);padding-bottom:var(--global-kb-spacing-sm, 1.5rem);grid-template-columns:minmax(0, 1fr);}.kb-row-layout-id100_9af078-8b > .kt-row-layout-overlay{opacity:0.30;}@media all and (max-width: 1024px){.kb-row-layout-id100_9af078-8b > .kt-row-column-wrap{grid-template-columns:minmax(0, 1fr);}}@media all and (max-width: 767px){.kb-row-layout-id100_9af078-8b > .kt-row-column-wrap{grid-template-columns:minmax(0, 1fr);}}<\/style><div class=\"kb-row-layout-wrap kb-row-layout-id100_9af078-8b alignnone wp-block-kadence-rowlayout\"><div class=\"kt-row-column-wrap kt-has-1-columns kt-row-layout-equal kt-tab-layout-inherit kt-mobile-layout-row kt-row-valign-top\">\n<style>.kadence-column100_52e91c-9b > .kt-inside-inner-col,.kadence-column100_52e91c-9b > .kt-inside-inner-col:before{border-top-left-radius:0px;border-top-right-radius:0px;border-bottom-right-radius:0px;border-bottom-left-radius:0px;}.kadence-column100_52e91c-9b > .kt-inside-inner-col{column-gap:var(--global-kb-gap-sm, 1rem);}.kadence-column100_52e91c-9b > .kt-inside-inner-col{flex-direction:column;}.kadence-column100_52e91c-9b > .kt-inside-inner-col > .aligncenter{width:100%;}.kadence-column100_52e91c-9b > .kt-inside-inner-col:before{opacity:0.3;}.kadence-column100_52e91c-9b{position:relative;}@media all and (max-width: 1024px){.kadence-column100_52e91c-9b > .kt-inside-inner-col{flex-direction:column;justify-content:center;}}@media all and (max-width: 767px){.kadence-column100_52e91c-9b > .kt-inside-inner-col{flex-direction:column;justify-content:center;}}<\/style>\n<div class=\"wp-block-kadence-column kadence-column100_52e91c-9b\"><div class=\"kt-inside-inner-col\"><style>.wp-block-kadence-advancedheading.kt-adv-heading100_0fd512-6e, .wp-block-kadence-advancedheading.kt-adv-heading100_0fd512-6e[data-kb-block=\"kb-adv-heading100_0fd512-6e\"]{margin-top:0px;margin-bottom:0px;text-align:center;font-size:var(--global-kb-font-size-md, 1.25rem);font-style:normal;}.wp-block-kadence-advancedheading.kt-adv-heading100_0fd512-6e mark.kt-highlight, .wp-block-kadence-advancedheading.kt-adv-heading100_0fd512-6e[data-kb-block=\"kb-adv-heading100_0fd512-6e\"] mark.kt-highlight{font-style:normal;color:#f76a0c;-webkit-box-decoration-break:clone;box-decoration-break:clone;padding-top:0px;padding-right:0px;padding-bottom:0px;padding-left:0px;}.wp-block-kadence-advancedheading.kt-adv-heading100_0fd512-6e img.kb-inline-image, .wp-block-kadence-advancedheading.kt-adv-heading100_0fd512-6e[data-kb-block=\"kb-adv-heading100_0fd512-6e\"] img.kb-inline-image{width:150px;vertical-align:baseline;}@media all and (max-width: 767px){.wp-block-kadence-advancedheading.kt-adv-heading100_0fd512-6e, .wp-block-kadence-advancedheading.kt-adv-heading100_0fd512-6e[data-kb-block=\"kb-adv-heading100_0fd512-6e\"]{padding-bottom:var(--global-kb-spacing-sm, 1.5rem);font-size:var(--global-kb-font-size-md, 1.25rem);}}<\/style>\n<p class=\"kt-adv-heading100_0fd512-6e wp-block-kadence-advancedheading\" data-kb-block=\"kb-adv-heading100_0fd512-6e\"><br><strong>Seanso trukm\u0117: 1h<\/strong><\/p>\n\n\n<style>.wp-block-kadence-advancedheading.kt-adv-heading100_2ef343-c6, .wp-block-kadence-advancedheading.kt-adv-heading100_2ef343-c6[data-kb-block=\"kb-adv-heading100_2ef343-c6\"]{margin-top:0px;margin-bottom:0px;text-align:center;font-size:var(--global-kb-font-size-md, 1.25rem);font-style:normal;}.wp-block-kadence-advancedheading.kt-adv-heading100_2ef343-c6 mark.kt-highlight, .wp-block-kadence-advancedheading.kt-adv-heading100_2ef343-c6[data-kb-block=\"kb-adv-heading100_2ef343-c6\"] mark.kt-highlight{font-style:normal;color:#f76a0c;-webkit-box-decoration-break:clone;box-decoration-break:clone;padding-top:0px;padding-right:0px;padding-bottom:0px;padding-left:0px;}.wp-block-kadence-advancedheading.kt-adv-heading100_2ef343-c6 img.kb-inline-image, .wp-block-kadence-advancedheading.kt-adv-heading100_2ef343-c6[data-kb-block=\"kb-adv-heading100_2ef343-c6\"] img.kb-inline-image{width:150px;vertical-align:baseline;}@media all and (max-width: 767px){.wp-block-kadence-advancedheading.kt-adv-heading100_2ef343-c6, .wp-block-kadence-advancedheading.kt-adv-heading100_2ef343-c6[data-kb-block=\"kb-adv-heading100_2ef343-c6\"]{font-size:var(--global-kb-font-size-md, 1.25rem);}}<\/style>\n<p class=\"kt-adv-heading100_2ef343-c6 wp-block-kadence-advancedheading\" data-kb-block=\"kb-adv-heading100_2ef343-c6\">Kaina: individualus 66Eur. | poroje 77Eur.<\/p>\n\n\n<style>.wp-block-kadence-advancedheading.kt-adv-heading100_c2bb76-c1, .wp-block-kadence-advancedheading.kt-adv-heading100_c2bb76-c1[data-kb-block=\"kb-adv-heading100_c2bb76-c1\"]{margin-top:0px;margin-bottom:40px;text-align:center;font-size:var(--global-kb-font-size-md, 1.25rem);font-style:normal;}.wp-block-kadence-advancedheading.kt-adv-heading100_c2bb76-c1 mark.kt-highlight, .wp-block-kadence-advancedheading.kt-adv-heading100_c2bb76-c1[data-kb-block=\"kb-adv-heading100_c2bb76-c1\"] mark.kt-highlight{font-style:normal;color:#f76a0c;-webkit-box-decoration-break:clone;box-decoration-break:clone;padding-top:0px;padding-right:0px;padding-bottom:0px;padding-left:0px;}.wp-block-kadence-advancedheading.kt-adv-heading100_c2bb76-c1 img.kb-inline-image, .wp-block-kadence-advancedheading.kt-adv-heading100_c2bb76-c1[data-kb-block=\"kb-adv-heading100_c2bb76-c1\"] img.kb-inline-image{width:150px;vertical-align:baseline;}@media all and (max-width: 767px){.wp-block-kadence-advancedheading.kt-adv-heading100_c2bb76-c1, .wp-block-kadence-advancedheading.kt-adv-heading100_c2bb76-c1[data-kb-block=\"kb-adv-heading100_c2bb76-c1\"]{font-size:var(--global-kb-font-size-md, 1.25rem);}}<\/style>\n<p class=\"kt-adv-heading100_c2bb76-c1 wp-block-kadence-advancedheading\" data-kb-block=\"kb-adv-heading100_c2bb76-c1\"><strong>B\u016btina i\u0161ankstin\u0117 registracija!<\/strong><\/p>\n\n\n<style>.wp-block-kadence-advancedbtn.kb-btns100_f7e7a9-e3{padding-bottom:var(--global-kb-spacing-lg, 3rem);gap:var(--global-kb-gap-xs, 0.5rem );justify-content:center;align-items:center;}.kt-btns100_f7e7a9-e3 .kt-button{font-weight:normal;font-style:normal;}.kt-btns100_f7e7a9-e3 .kt-btn-wrap-0{margin-right:5px;}.wp-block-kadence-advancedbtn.kt-btns100_f7e7a9-e3 .kt-btn-wrap-0 .kt-button{color:#555555;border-color:#555555;}.wp-block-kadence-advancedbtn.kt-btns100_f7e7a9-e3 .kt-btn-wrap-0 .kt-button:hover, .wp-block-kadence-advancedbtn.kt-btns100_f7e7a9-e3 .kt-btn-wrap-0 .kt-button:focus{color:#ffffff;border-color:#444444;}.wp-block-kadence-advancedbtn.kt-btns100_f7e7a9-e3 .kt-btn-wrap-0 .kt-button::before{display:none;}.wp-block-kadence-advancedbtn.kt-btns100_f7e7a9-e3 .kt-btn-wrap-0 .kt-button:hover, .wp-block-kadence-advancedbtn.kt-btns100_f7e7a9-e3 .kt-btn-wrap-0 .kt-button:focus{background:#444444;}<\/style>\n<div class=\"wp-block-kadence-advancedbtn kb-buttons-wrap kb-btns100_f7e7a9-e3\"><style>ul.menu .wp-block-kadence-advancedbtn .kb-btn100_d3b768-3c.kb-button{width:initial;}<\/style><a class=\"kb-button kt-button button kb-btn100_d3b768-3c kt-btn-size-standard kt-btn-width-type-auto kb-btn-global-inherit  kt-btn-has-text-true kt-btn-has-svg-true  wp-block-button__link wp-block-kadence-singlebtn\" href=\"https:\/\/skambantierdve.lt\/produktas\/harmonizuojanti-garso-meditacija-su-kristalais\/\"><span class=\"kt-btn-inner-text\">U\u017esakyti <\/span><span class=\"kb-svg-icon-wrap kb-svg-icon-fe_arrowUpRight kt-btn-icon-side-right\"><svg viewBox=\"0 0 24 24\"  fill=\"none\" stroke=\"currentColor\" stroke-width=\"2\" stroke-linecap=\"round\" stroke-linejoin=\"round\" xmlns=\"http:\/\/www.w3.org\/2000\/svg\"  aria-hidden=\"true\"><line x1=\"7\" y1=\"17\" x2=\"17\" y2=\"7\"\/><polyline points=\"7 7 17 7 17 17\"\/><\/svg><\/span><\/a><\/div>\n\n\n<style>.wp-block-kadence-advancedheading.kt-adv-heading100_86a0e0-2b, .wp-block-kadence-advancedheading.kt-adv-heading100_86a0e0-2b[data-kb-block=\"kb-adv-heading100_86a0e0-2b\"]{margin-top:0px;margin-bottom:0px;text-align:center;font-size:var(--global-kb-font-size-md, 1.25rem);font-style:normal;}.wp-block-kadence-advancedheading.kt-adv-heading100_86a0e0-2b mark.kt-highlight, .wp-block-kadence-advancedheading.kt-adv-heading100_86a0e0-2b[data-kb-block=\"kb-adv-heading100_86a0e0-2b\"] mark.kt-highlight{font-style:normal;color:#f76a0c;-webkit-box-decoration-break:clone;box-decoration-break:clone;padding-top:0px;padding-right:0px;padding-bottom:0px;padding-left:0px;}.wp-block-kadence-advancedheading.kt-adv-heading100_86a0e0-2b img.kb-inline-image, .wp-block-kadence-advancedheading.kt-adv-heading100_86a0e0-2b[data-kb-block=\"kb-adv-heading100_86a0e0-2b\"] img.kb-inline-image{width:150px;vertical-align:baseline;}@media all and (max-width: 767px){.wp-block-kadence-advancedheading.kt-adv-heading100_86a0e0-2b, .wp-block-kadence-advancedheading.kt-adv-heading100_86a0e0-2b[data-kb-block=\"kb-adv-heading100_86a0e0-2b\"]{font-size:var(--global-kb-font-size-md, 1.25rem);}}<\/style>\n<p class=\"kt-adv-heading100_86a0e0-2b wp-block-kadence-advancedheading\" data-kb-block=\"kb-adv-heading100_86a0e0-2b\">Turite klausim\u0173? Susisiekite su manimi ir a\u0161 mielai \u012f juos atsakysiu.<\/p>\n\n\n<style>.wp-block-kadence-advancedheading.kt-adv-heading100_6f60f5-71, .wp-block-kadence-advancedheading.kt-adv-heading100_6f60f5-71[data-kb-block=\"kb-adv-heading100_6f60f5-71\"]{margin-top:0px;margin-bottom:0px;text-align:center;font-size:var(--global-kb-font-size-md, 1.25rem);font-style:normal;}.wp-block-kadence-advancedheading.kt-adv-heading100_6f60f5-71 mark.kt-highlight, .wp-block-kadence-advancedheading.kt-adv-heading100_6f60f5-71[data-kb-block=\"kb-adv-heading100_6f60f5-71\"] mark.kt-highlight{font-style:normal;color:#f76a0c;-webkit-box-decoration-break:clone;box-decoration-break:clone;padding-top:0px;padding-right:0px;padding-bottom:0px;padding-left:0px;}.wp-block-kadence-advancedheading.kt-adv-heading100_6f60f5-71 img.kb-inline-image, .wp-block-kadence-advancedheading.kt-adv-heading100_6f60f5-71[data-kb-block=\"kb-adv-heading100_6f60f5-71\"] img.kb-inline-image{width:150px;vertical-align:baseline;}@media all and (max-width: 767px){.wp-block-kadence-advancedheading.kt-adv-heading100_6f60f5-71, .wp-block-kadence-advancedheading.kt-adv-heading100_6f60f5-71[data-kb-block=\"kb-adv-heading100_6f60f5-71\"]{font-size:var(--global-kb-font-size-md, 1.25rem);}}<\/style>\n<p class=\"kt-adv-heading100_6f60f5-71 wp-block-kadence-advancedheading\" data-kb-block=\"kb-adv-heading100_6f60f5-71\"><a href=\"tel:+370 614 74694\">+370 614 74694<\/a> &nbsp; &nbsp; | &nbsp;<a href=\"mailto:sonata@skambantierdve.lt\">sonata@skambantierdve.lt<\/a><\/p>\n<\/div><\/div>\n\n<\/div><\/div>","protected":false},"excerpt":{"rendered":"<p>Harmonizuojanti garso meditacija su kristalais Sesijos metu pakviesiu tave patogiai atsigulti ant \u010diu\u017einuko ir tiesiog atsipalaiduoti. Parinksiu tau tinkamus kristalus, atsi\u017evelgdama \u012f tavo poreikius. Kristalai gali b\u016bti dedami ant k\u016bno [&hellip;]<\/p>\n","protected":false},"author":2,"featured_media":0,"parent":162,"menu_order":0,"comment_status":"closed","ping_status":"closed","template":"","meta":{"_acf_changed":false,"_kad_blocks_custom_css":"","_kad_blocks_head_custom_js":"","_kad_blocks_body_custom_js":"","_kad_blocks_footer_custom_js":"","footnotes":""},"class_list":["post-100","page","type-page","status-publish","hentry"],"blocksy_meta":{"has_hero_section":"disabled","styles_descriptor":{"styles":{"desktop":"","tablet":"","mobile":""},"google_fonts":[],"version":6}},"acf":[],"taxonomy_info":[],"featured_image_src_large":false,"author_info":{"display_name":"agneisk","author_link":"https:\/\/skambantierdve.lt\/en\/author\/agneisk\/"},"comment_info":0,"_links":{"self":[{"href":"https:\/\/skambantierdve.lt\/en\/wp-json\/wp\/v2\/pages\/100","targetHints":{"allow":["GET"]}}],"collection":[{"href":"https:\/\/skambantierdve.lt\/en\/wp-json\/wp\/v2\/pages"}],"about":[{"href":"https:\/\/skambantierdve.lt\/en\/wp-json\/wp\/v2\/types\/page"}],"author":[{"embeddable":true,"href":"https:\/\/skambantierdve.lt\/en\/wp-json\/wp\/v2\/users\/2"}],"replies":[{"embeddable":true,"href":"https:\/\/skambantierdve.lt\/en\/wp-json\/wp\/v2\/comments?post=100"}],"version-history":[{"count":9,"href":"https:\/\/skambantierdve.lt\/en\/wp-json\/wp\/v2\/pages\/100\/revisions"}],"predecessor-version":[{"id":1228,"href":"https:\/\/skambantierdve.lt\/en\/wp-json\/wp\/v2\/pages\/100\/revisions\/1228"}],"up":[{"embeddable":true,"href":"https:\/\/skambantierdve.lt\/en\/wp-json\/wp\/v2\/pages\/162"}],"wp:attachment":[{"href":"https:\/\/skambantierdve.lt\/en\/wp-json\/wp\/v2\/media?parent=100"}],"curies":[{"name":"wp","href":"https:\/\/api.w.org\/{rel}","templated":true}]}}